{"id":20067,"date":"2024-12-03T15:23:50","date_gmt":"2024-12-03T15:23:50","guid":{"rendered":"https:\/\/buenosairesmeguide.com\/?post_type=product&#038;p=20067"},"modified":"2026-04-02T13:40:46","modified_gmt":"2026-04-02T16:40:46","slug":"private-walking-tour-of-the-majestic-palace-architecture-with-an-exclusive-toast","status":"publish","type":"product","link":"https:\/\/buenosairesmeguide.com\/en\/producto\/tour-prive-a-pied-de-larchitecture-majestueuse-des-palais-a-un-toast-exclusif\/","title":{"rendered":"Private Walking Tour: From Majestic Palace Architecture to an Exclusive Toast"},"content":{"rendered":"<p>Plongez dans l&rsquo;\u00e9l\u00e9gance intemporelle et la richesse historique de Buenos Aires avec ce tour priv\u00e9 unique. Con\u00e7u pour les amateurs de patrimoine et de raffinement, cette exp\u00e9rience vous d\u00e9voile les joyaux architecturaux les plus embl\u00e9matiques de la capitale argentine comme la Galer\u00eda G\u00fcemes, le Palacio Libertad, Palacio Duhau, Hotel Alvear, \u00a0Confiter\u00eda del Molino, Palacio San Mart\u00edn, Casa Rosada, tout en vous offrant un moment exclusif pour c\u00e9l\u00e9brer la grandeur de ces lieux.<\/p>\n<p><strong>\u00a0<\/strong><\/p>\n<p><strong>Highlights of this tour :<\/strong><\/p>\n<ol>\n<li><strong>Guided tour of the Teatro Col\u00f3n<\/strong><br \/>\nExplore one of the world's most prestigious opera houses, renowned for its perfect acoustics and sumptuous architecture. Discover the secrets of this cultural monument, a symbol of Buenos Aires' artistic life, and marvel at its sumptuous interiors.<\/li>\n<li><strong>Discover the Palacio Barolo<\/strong><br \/>\nStep back in time in this fascinating building, inspired by Dante's Divine Comedy. With its neo-Gothic and art deco details, the Palacio Barolo is an ode to ingenuity and a vision of a bygone era. The tour culminates at the top, where a panoramic view of the city awaits you.<\/li>\n<li><strong>Exploring the Palais des Eaux Courantes<\/strong><br \/>\nA marvel of Belle \u00c9poque architecture, this palace adorned with colorful earthenware and delicate sculptures is much more than a water reservoir: it's a masterpiece of design and engineering. Discover its history and the importance it played in the urbanization of Buenos Aires.<\/li>\n<li><strong>Exclusive Brindis at the Palacio Barolo 1923 Show<\/strong><br \/>\nEnd the experience in style with a toast in the prestigious Salon 1923. Enjoy an intimate moment in a sumptuous setting, ideal for savoring the magnificence of the places you've visited.<\/li>\n<\/ol>\n<ul>\n<li><strong>General information :<\/strong><\/li>\n<li><strong>Free cancellation<\/strong><\/li>\n<li>Cancel up to 24 hours in advance and receive a full refund<\/li>\n<li><strong>Duration:<\/strong> 6 hours.<\/li>\n<li><strong>Guide\u00a0<\/strong><strong>: <\/strong>French, English, Spanish<\/li>\n<li><strong>Meeting point<\/strong><\/li>\n<li>Hotel<\/li>\n<li><strong>Private Tower<\/strong><\/li>\n<li>A maximum of 5 participants<\/li>\n<li><strong>Summary:<\/strong><\/li>\n<li><strong>Duration<\/strong>\u00a06 hours<\/li>\n<li><strong>Price<\/strong> $ 120 USD per person<\/li>\n<li><strong>Jusqu&rsquo;\u00e0 5 personnes<\/strong><\/li>\n<\/ul>","protected":false},"excerpt":{"rendered":"<ul>\n<li><strong>Included<\/strong><\/li>\n<li>Walking tour<\/li>\n<li>Professional guide<\/li>\n<li>Pick-up from hotel on foot<\/li>\n<li>Entrance fees to all attractions<\/li>\n<li><\/li>\n<li><strong>Not included<\/strong><\/li>\n<li>Meal<\/li>\n<li>Tips<\/li>\n<\/ul>","protected":false},"featured_media":20483,"comment_status":"open","ping_status":"closed","template":"","meta":{"_et_pb_use_builder":"","_et_pb_old_content":"","_et_gb_content_width":""},"product_brand":[],"product_cat":[45],"product_tag":[],"class_list":{"0":"post-20067","1":"product","2":"type-product","3":"status-publish","4":"has-post-thumbnail","6":"product_cat-sin-categorizar","8":"first","9":"instock","10":"sold-individually","11":"shipping-taxable","12":"purchasable","13":"product-type-variable"},"_links":{"self":[{"href":"https:\/\/buenosairesmeguide.com\/en\/wp-json\/wp\/v2\/product\/20067","targetHints":{"allow":["GET"]}}],"collection":[{"href":"https:\/\/buenosairesmeguide.com\/en\/wp-json\/wp\/v2\/product"}],"about":[{"href":"https:\/\/buenosairesmeguide.com\/en\/wp-json\/wp\/v2\/types\/product"}],"replies":[{"embeddable":true,"href":"https:\/\/buenosairesmeguide.com\/en\/wp-json\/wp\/v2\/comments?post=20067"}],"wp:featuredmedia":[{"embeddable":true,"href":"https:\/\/buenosairesmeguide.com\/en\/wp-json\/wp\/v2\/media\/20483"}],"wp:attachment":[{"href":"https:\/\/buenosairesmeguide.com\/en\/wp-json\/wp\/v2\/media?parent=20067"}],"wp:term":[{"taxonomy":"product_brand","embeddable":true,"href":"https:\/\/buenosairesmeguide.com\/en\/wp-json\/wp\/v2\/product_brand?post=20067"},{"taxonomy":"product_cat","embeddable":true,"href":"https:\/\/buenosairesmeguide.com\/en\/wp-json\/wp\/v2\/product_cat?post=20067"},{"taxonomy":"product_tag","embeddable":true,"href":"https:\/\/buenosairesmeguide.com\/en\/wp-json\/wp\/v2\/product_tag?post=20067"}],"curies":[{"name":"wp","href":"https:\/\/api.w.org\/{rel}","templated":true}]}}