{"id":20075,"date":"2024-12-03T17:21:46","date_gmt":"2024-12-03T17:21:46","guid":{"rendered":"https:\/\/buenosairesmeguide.com\/?post_type=product&#038;p=20075"},"modified":"2026-03-31T11:21:08","modified_gmt":"2026-03-31T14:21:08","slug":"flavours-of-buenos-aires-on-foot-private-gastronomic-tour-of-palermo-discover-the-culinary-delights-of-buenos-aires-through-an-exclusive-gastronomic-experience-in-the-bohemian-district-of-palermo","status":"publish","type":"product","link":"https:\/\/buenosairesmeguide.com\/en\/producto\/saveurs-de-buenos-aires-a-pied-parcours-gastronomique-en-prive-a-palermo-decouvrez-lame-culinaire-de-buenos-aires-a-travers-une-experience-gastronomique-exclusive-dans-le-quartier-boheme-de-palerm\/","title":{"rendered":"Taste of Buenos Aires on foot: A private gastronomic tour of Palermo"},"content":{"rendered":"<p>D\u00e9couvrez l&rsquo;\u00e2me culinaire de Buenos Aires \u00e0 travers une exp\u00e9rience gastronomique exclusive dans le quartier boh\u00e8me de Palermo<\/p>\n<p>Let us guide you on a journey of flavors and traditions to the heart of the porte\u00f1a culinary scene. This 4-stop gastronomic tour immerses you in the Argentine art of living, exploring restaurants carefully selected for their excellence and authenticity. Each stage is a celebration of taste, conviviality and the unique charm of the capital.<\/p>\n<p>&nbsp;<\/p>\n<p><strong>A gourmet itinerary in 4 stages<\/strong><\/p>\n<p><strong>\u00a0<\/strong><\/p>\n<ol>\n<li><strong>Aperitif: The start of a taste adventure<\/strong><br \/>\nStart your evening in a contemporary restaurant where you'll enjoy handcrafted empanadas and a selection of local wines, to whet your appetite in style.<\/li>\n<li><strong>Appetizer: A touch of tradition revisited<\/strong><br \/>\nHead to a refined bistro to savour typical dishes such as provoleta fondante, accompanied by a glass of wine.<\/li>\n<li><strong>Plat principal : L&rsquo;incontournable asado argentin<\/strong><br \/>\nImmerse yourself in Argentina's most sacred tradition: an exceptional barbecue in a renowned parrilla. Enjoy a perfectly grilled piece of meat, enhanced by classic accompaniments such as chimichurri or papas andinas.<\/li>\n<li><strong>Dessert: A sweet ending<\/strong><br \/>\nEnd this tour with a sweet touch in one of Palermo's emblematic patisseries. Treat yourself to a delicious flan with dulce de leche or a chocolate tart accompanied by an aromatic coffee or a glass of Malbec.<\/li>\n<\/ol>\n<p>&nbsp;<\/p>\n<p><strong>Highlights<\/strong><\/p>\n<ul>\n<li><strong>A culinary and cultural voyage<\/strong> Discover the richness of Argentina's flavours in an authentic and friendly setting.<\/li>\n<li><strong>Palermo, a vibrant district<\/strong> Enjoy the unique atmosphere of its lively streets, urban art and trendy restaurants.<\/li>\n<li><strong>A personalized experience<\/strong> This tour is designed to awaken your taste buds while immersing you in the local culture.<\/li>\n<\/ul>\n<p>&nbsp;<\/p>\n<p><strong>General information :<\/strong><\/p>\n<ul>\n<li><strong>Free cancellation<\/strong><\/li>\n<li>Cancel up to 24 hours in advance and receive a full refund<\/li>\n<li><strong>Duration:<\/strong> 3 hours.<\/li>\n<li><strong>Guide\u00a0<\/strong><strong>: <\/strong>French, English, Spanish<\/li>\n<li><strong>Meeting point<\/strong><\/li>\n<li><strong>Cantina Palermo, El imperfecto, Chori, El preferido<\/strong><\/li>\n<li><strong>Private Tower<\/strong><\/li>\n<li>A maximum of 5 participants<\/li>\n<li><strong>Summary:<\/strong><\/li>\n<li><strong>Duration<\/strong>\u00a03 hours<\/li>\n<li><strong>Price<\/strong>\u00a0uss 90 per person<\/li>\n<li><strong>Jusqu&rsquo;\u00e0 5 personnes<\/strong><\/li>\n<\/ul>","protected":false},"excerpt":{"rendered":"<ul>\n<li><strong>Included<\/strong><\/li>\n<li>Professional guide<\/li>\n<li>Meals and drinks,<\/li>\n<li><strong>Not included<\/strong><\/li>\n<li>Tips<\/li>\n<\/ul>","protected":false},"featured_media":20457,"comment_status":"open","ping_status":"closed","template":"","meta":{"_et_pb_use_builder":"","_et_pb_old_content":"","_et_gb_content_width":""},"product_brand":[],"product_cat":[45],"product_tag":[],"class_list":{"0":"post-20075","1":"product","2":"type-product","3":"status-publish","4":"has-post-thumbnail","6":"product_cat-sin-categorizar","8":"first","9":"instock","10":"sold-individually","11":"shipping-taxable","12":"purchasable","13":"product-type-simple"},"_links":{"self":[{"href":"https:\/\/buenosairesmeguide.com\/en\/wp-json\/wp\/v2\/product\/20075","targetHints":{"allow":["GET"]}}],"collection":[{"href":"https:\/\/buenosairesmeguide.com\/en\/wp-json\/wp\/v2\/product"}],"about":[{"href":"https:\/\/buenosairesmeguide.com\/en\/wp-json\/wp\/v2\/types\/product"}],"replies":[{"embeddable":true,"href":"https:\/\/buenosairesmeguide.com\/en\/wp-json\/wp\/v2\/comments?post=20075"}],"wp:featuredmedia":[{"embeddable":true,"href":"https:\/\/buenosairesmeguide.com\/en\/wp-json\/wp\/v2\/media\/20457"}],"wp:attachment":[{"href":"https:\/\/buenosairesmeguide.com\/en\/wp-json\/wp\/v2\/media?parent=20075"}],"wp:term":[{"taxonomy":"product_brand","embeddable":true,"href":"https:\/\/buenosairesmeguide.com\/en\/wp-json\/wp\/v2\/product_brand?post=20075"},{"taxonomy":"product_cat","embeddable":true,"href":"https:\/\/buenosairesmeguide.com\/en\/wp-json\/wp\/v2\/product_cat?post=20075"},{"taxonomy":"product_tag","embeddable":true,"href":"https:\/\/buenosairesmeguide.com\/en\/wp-json\/wp\/v2\/product_tag?post=20075"}],"curies":[{"name":"wp","href":"https:\/\/api.w.org\/{rel}","templated":true}]}}