{"id":20077,"date":"2024-12-03T17:32:31","date_gmt":"2024-12-03T17:32:31","guid":{"rendered":"https:\/\/buenosairesmeguide.com\/?post_type=product&#038;p=20077"},"modified":"2026-04-30T14:06:41","modified_gmt":"2026-04-30T17:06:41","slug":"eternal-tango-evening-dinner-and-show-at-vieux-almacen-immerse-yourself-in-the-vibrant-blade-of-buenos-aires-with-an-unforgettable-night-of-authentic-tango","status":"publish","type":"product","link":"https:\/\/buenosairesmeguide.com\/en\/producto\/soiree-tango-eternel-diner-et-spectacle-au-vieux-almacen-plongez-dans-lame-vibrante-de-buenos-aires-avec-une-nuit-inoubliable-de-tango-authentique\/","title":{"rendered":"Eternal Tango Evening: Immerse yourself in the vibrant soul of Buenos Aires with an unforgettable night of authentic tango."},"content":{"rendered":"<p>Discover the very essence of Argentine culture with an evening of passion, elegance and history. Located in the historic district of San Telmo, El Viejo Almac\u00e9n, a veritable sanctuary of tango for over 50 years, opens its doors to you for a unique experience.<\/p>\n<p>&nbsp;<\/p>\n<p><strong>A cultural and culinary voyage<\/strong><\/p>\n<ul>\n<li><strong>Dinner option<\/strong> Start your evening with a refined meal featuring the flavors of Argentine gastronomy. Enjoy a 3-course menu accompanied by the region's finest wines. All in a warm, intimate atmosphere, ideal for setting the scene for an unforgettable show.<\/li>\n<li><strong>Tango show<\/strong> Tango: Let yourself be enchanted by a masterful performance that celebrates tango in all its splendor. Talented dancers, live musicians and passionate singers will transport you to another time, tracing the origins and evolution of this emblematic dance.<\/li>\n<\/ul>\n<p>&nbsp;<\/p>\n<p><strong>Highlights <\/strong><\/p>\n<ul>\n<li><strong>A mythical place<\/strong> El Viejo Almac\u00e9n is a tango institution renowned the world over for its authenticity and timeless charm.<\/li>\n<li><strong>An unforgettable show<\/strong> Enjoy a world-class tango performance, where every movement exudes emotion and history.<\/li>\n<li><strong>Total immersion<\/strong> Enjoy a full evening of gastronomy and culture in one of the world's most passionate capitals.<\/li>\n<\/ul>\n<p>&nbsp;<\/p>\n<p><strong>General information :<\/strong><\/p>\n<ul>\n<li><strong>Free cancellation<\/strong><\/li>\n<li>Cancel up to 24 hours in advance and receive a full refund<\/li>\n<li><strong>Duration:<\/strong> 2 to 4 hours.<\/li>\n<li><strong>Guide\u00a0<\/strong><strong>: <\/strong>French, English, Spanish<\/li>\n<li><strong>Meeting point<\/strong><\/li>\n<li>Pick-up service included<\/li>\n<li>Round-trip transfers from hotels in downtown Buenos Aires.<\/li>\n<li><strong>Private Tower<\/strong><\/li>\n<li>A maximum of 5 participants<\/li>\n<li><strong>Summary:<\/strong><\/li>\n<li><strong>Duration<\/strong>\u00a02 to 4 hours<\/li>\n<li><strong>Price<\/strong>\u00a0San dinner 90 uss 150 per person Soir\u00e9e Vip uss 190<\/li>\n<li><strong>Jusqu&rsquo;\u00e0 5 personnes<\/strong><\/li>\n<\/ul>","protected":false},"excerpt":{"rendered":"<p>D\u00e9couvrez l\u2019essence m\u00eame de la culture argentine en vivant une soir\u00e9e o\u00f9 la passion, l\u2019\u00e9l\u00e9gance et l\u2019histoire prennent vie. Situ\u00e9 dans le quartier historique de San Telmo, El Viejo Almac\u00e9n, v\u00e9ritable sanctuaire du tango depuis plus de 50 ans, vous ouvre ses portes pour une exp\u00e9rience unique. &nbsp; Un voyage culturel et culinaire Option avec [&hellip;]<\/p>\n","protected":false},"featured_media":0,"comment_status":"closed","ping_status":"closed","template":"","meta":{"_et_pb_use_builder":"on","_et_pb_old_content":"D\u00e9couvrez l\u2019essence m\u00eame de la culture argentine en vivant une soir\u00e9e o\u00f9 la passion, l\u2019\u00e9l\u00e9gance et l\u2019histoire prennent vie. Situ\u00e9 dans le quartier historique de San Telmo, El Viejo Almac\u00e9n, v\u00e9ritable sanctuaire du tango depuis plus de 50 ans, vous ouvre ses portes pour une exp\u00e9rience unique.\r\n\r\n&nbsp;\r\n\r\n<strong>Un voyage culturel et culinaire<\/strong>\r\n<ul>\r\n \t<li><strong>Option avec d\u00eener<\/strong> : Commencez votre soir\u00e9e par un repas raffin\u00e9 mettant \u00e0 l\u2019honneur les saveurs de la gastronomie argentine. Savourez un menu 3 plats accompagn\u00e9 des meilleurs vins de la r\u00e9gion. Le tout dans une ambiance intime et chaleureuse, id\u00e9ale pour pr\u00e9parer le terrain \u00e0 un spectacle inoubliable.<\/li>\r\n \t<li><strong>Spectacle de tango<\/strong> : Laissez-vous envo\u00fbter par une performance magistrale qui c\u00e9l\u00e8bre le tango dans toute sa splendeur. Danseurs talentueux, musiciens en direct et chanteurs passionn\u00e9s vous transporteront dans un autre temps, retra\u00e7ant les origines et l\u2019\u00e9volution de cette danse embl\u00e9matique.<\/li>\r\n<\/ul>\r\n&nbsp;\r\n\r\n<strong>Les Points forts <\/strong>\r\n<ul>\r\n \t<li><strong>Un lieu mythique<\/strong> : El Viejo Almac\u00e9n est une institution du tango, r\u00e9put\u00e9e dans le monde entier pour son authenticit\u00e9 et son charme intemporel.<\/li>\r\n \t<li><strong>Un spectacle inoubliable<\/strong> : Assistez \u00e0 une repr\u00e9sentation de tango de classe mondiale, o\u00f9 chaque mouvement respire l\u2019\u00e9motion et l\u2019histoire.<\/li>\r\n \t<li><strong>Une immersion totale<\/strong> : Profitez d\u2019une soir\u00e9e compl\u00e8te alliant gastronomie et culture dans l\u2019une des capitales les plus passionn\u00e9es du monde.<\/li>\r\n<\/ul>\r\n&nbsp;\r\n\r\n<strong>Informations g\u00e9n\u00e9rales\u00a0:<\/strong>\r\n<ul>\r\n \t<li><strong>Annulation gratuite<\/strong><\/li>\r\n \t<li>Annulez jusqu'\u00e0 24 heures \u00e0 l'avance et recevez un remboursement complet<\/li>\r\n \t<li><strong>Dur\u00e9e:<\/strong> 2 \u00e0 4 heures.<\/li>\r\n \t<li><strong>Guide\u00a0<\/strong><strong>: <\/strong>Fran\u00e7ais, Anglais, Espagnol<\/li>\r\n \t<li><strong>Lieu de Rendez-vous<\/strong><\/li>\r\n \t<li>Service de prise en charge inclus<\/li>\r\n \t<li>Transferts aller-retour depuis les h\u00f4tels du centre-ville de Buenos Aires.<\/li>\r\n \t<li><strong>Tour Priv\u00e9<\/strong><\/li>\r\n \t<li>Un maximum de 5 participants<\/li>\r\n \t<li><strong>R\u00e9sum\u00e9 :<\/strong><\/li>\r\n \t<li><strong>Dur\u00e9e<\/strong>\u00a0: 2 \u00e0 4 heures<\/li>\r\n \t<li><strong>Prix<\/strong>\u00a0: San d\u00eener 90 uss 150 par personne Soir\u00e9e Vip uss 190<\/li>\r\n \t<li><strong>Jusqu'\u00e0 5 personnes<\/strong><\/li>\r\n<\/ul>","_et_gb_content_width":""},"product_brand":[],"product_cat":[45],"product_tag":[],"class_list":{"0":"post-20077","1":"product","2":"type-product","3":"status-publish","5":"product_cat-sin-categorizar","7":"first","8":"instock","9":"sold-individually","10":"purchasable","11":"product-type-variable"},"_links":{"self":[{"href":"https:\/\/buenosairesmeguide.com\/en\/wp-json\/wp\/v2\/product\/20077","targetHints":{"allow":["GET"]}}],"collection":[{"href":"https:\/\/buenosairesmeguide.com\/en\/wp-json\/wp\/v2\/product"}],"about":[{"href":"https:\/\/buenosairesmeguide.com\/en\/wp-json\/wp\/v2\/types\/product"}],"replies":[{"embeddable":true,"href":"https:\/\/buenosairesmeguide.com\/en\/wp-json\/wp\/v2\/comments?post=20077"}],"wp:attachment":[{"href":"https:\/\/buenosairesmeguide.com\/en\/wp-json\/wp\/v2\/media?parent=20077"}],"wp:term":[{"taxonomy":"product_brand","embeddable":true,"href":"https:\/\/buenosairesmeguide.com\/en\/wp-json\/wp\/v2\/product_brand?post=20077"},{"taxonomy":"product_cat","embeddable":true,"href":"https:\/\/buenosairesmeguide.com\/en\/wp-json\/wp\/v2\/product_cat?post=20077"},{"taxonomy":"product_tag","embeddable":true,"href":"https:\/\/buenosairesmeguide.com\/en\/wp-json\/wp\/v2\/product_tag?post=20077"}],"curies":[{"name":"wp","href":"https:\/\/api.w.org\/{rel}","templated":true}]}}