{"id":20612,"date":"2026-04-14T12:04:28","date_gmt":"2026-04-14T15:04:28","guid":{"rendered":"https:\/\/buenosairesmeguide.com\/?post_type=product&#038;p=20612"},"modified":"2026-04-21T15:18:14","modified_gmt":"2026-04-21T18:18:14","slug":"chauffeur-prive-transfert-a-depuis-laeroport-ezeiza","status":"publish","type":"product","link":"https:\/\/buenosairesmeguide.com\/en\/producto\/chauffeur-prive-transfert-a-depuis-laeroport-ezeiza\/","title":{"rendered":"Chauffeur priv\u00e9 \u2014 Transfert \u00e0 \/ depuis l&rsquo;a\u00e9roport Ezeiza"},"content":{"rendered":"<p>Profitez d&rsquo;un service de transfert priv\u00e9\u00a0<strong>comfortable and reliable<\/strong>\u00a0entre l&rsquo;a\u00e9roport et votre destination. Nos v\u00e9hicules spacieux \u2014 berlines et vans confortables pouvant accueillir jusqu&rsquo;\u00e0\u00a0<strong>10 passengers with luggage<\/strong>\u00a0\u2014 are driven by professional, punctual, and courteous drivers.<\/p>\n<p><strong>General information :<\/strong><\/p>\n<ul>\n<li><strong>Free cancellation<\/strong><\/li>\n<li>Cancel up to 24 hours in advance and receive a full refund<\/li>\n<li><strong>Meeting point<\/strong><\/li>\n<li>Hotel<\/li>\n<li><strong>Transfer<\/strong><\/li>\n<li>A maximum of 10 participants<\/li>\n<\/ul>","protected":false},"excerpt":{"rendered":"<p>Profitez d&rsquo;un service de transfert priv\u00e9\u00a0confortable et fiable\u00a0entre l&rsquo;a\u00e9roport et votre destination. Nos v\u00e9hicules spacieux \u2014 berlines et vans confortables pouvant accueillir jusqu&rsquo;\u00e0\u00a010 passagers avec bagages\u00a0\u2014 sont conduits par des chauffeurs professionnels, ponctuels et courtois. Informations g\u00e9n\u00e9rales\u00a0: Annulation gratuite Annulez jusqu&rsquo;\u00e0 24 heures \u00e0 l&rsquo;avance et recevez un remboursement complet Lieu de Rendez-vous H\u00f4tel Transfert [&hellip;]<\/p>\n","protected":false},"featured_media":0,"comment_status":"open","ping_status":"closed","template":"","meta":{"_et_pb_use_builder":"","_et_pb_old_content":"","_et_gb_content_width":""},"product_brand":[],"product_cat":[45],"product_tag":[],"class_list":{"0":"post-20612","1":"product","2":"type-product","3":"status-publish","5":"product_cat-sin-categorizar","7":"first","8":"instock","9":"sold-individually","10":"shipping-taxable","11":"purchasable","12":"product-type-variable","13":"has-default-attributes"},"_links":{"self":[{"href":"https:\/\/buenosairesmeguide.com\/en\/wp-json\/wp\/v2\/product\/20612","targetHints":{"allow":["GET"]}}],"collection":[{"href":"https:\/\/buenosairesmeguide.com\/en\/wp-json\/wp\/v2\/product"}],"about":[{"href":"https:\/\/buenosairesmeguide.com\/en\/wp-json\/wp\/v2\/types\/product"}],"replies":[{"embeddable":true,"href":"https:\/\/buenosairesmeguide.com\/en\/wp-json\/wp\/v2\/comments?post=20612"}],"wp:attachment":[{"href":"https:\/\/buenosairesmeguide.com\/en\/wp-json\/wp\/v2\/media?parent=20612"}],"wp:term":[{"taxonomy":"product_brand","embeddable":true,"href":"https:\/\/buenosairesmeguide.com\/en\/wp-json\/wp\/v2\/product_brand?post=20612"},{"taxonomy":"product_cat","embeddable":true,"href":"https:\/\/buenosairesmeguide.com\/en\/wp-json\/wp\/v2\/product_cat?post=20612"},{"taxonomy":"product_tag","embeddable":true,"href":"https:\/\/buenosairesmeguide.com\/en\/wp-json\/wp\/v2\/product_tag?post=20612"}],"curies":[{"name":"wp","href":"https:\/\/api.w.org\/{rel}","templated":true}]}}