{"id":20714,"date":"2026-04-30T16:41:17","date_gmt":"2026-04-30T19:41:17","guid":{"rendered":"https:\/\/buenosairesmeguide.com\/?post_type=product&#038;p=20714"},"modified":"2026-04-30T17:54:38","modified_gmt":"2026-04-30T20:54:38","slug":"la-scene-culinaire-de-buenos-aires-au-dela-du-steak","status":"publish","type":"product","link":"https:\/\/buenosairesmeguide.com\/en\/producto\/la-scene-culinaire-de-buenos-aires-au-dela-du-steak\/","title":{"rendered":"La sc\u00e8ne culinaire de Buenos Aires au-del\u00e0 du steak"},"content":{"rendered":"<p data-start=\"184\" data-end=\"542\">D\u00e9couvrez le c\u00f4t\u00e9 le plus authentique de la gastronomie porte\u00f1a dans le quartier de Chacarita, l\u2019un des secrets les mieux gard\u00e9s de Buenos Aires. Loin des circuits touristiques traditionnels, cette visite gastronomique vous invite \u00e0 explorer les saveurs locales qui font partie de la v\u00e9ritable identit\u00e9 argentine, bien au-del\u00e0 de la classique viande grill\u00e9e.<\/p>\n<p data-start=\"544\" data-end=\"807\">L\u2019exp\u00e9rience commence par un ap\u00e9ritif typiquement argentin dans un bar reconnu et sp\u00e9cialis\u00e9 dans le vermouth et les planches ap\u00e9ritives traditionnelles, o\u00f9 vous d\u00e9couvrirez la culture de \u201cl\u2019ap\u00e9ritif porte\u00f1o\u201d, une v\u00e9ritable institution dans la vie sociale locale.<\/p>\n<p data-start=\"809\" data-end=\"1135\">Tout au long du parcours, vous visiterez plusieurs \u00e9tablissements soigneusement s\u00e9lectionn\u00e9s qui repr\u00e9sentent la cuisine quotidienne argentine : empanadas artisanales, fugazzeta, milanesas, provoleta, p\u00e2tes d\u2019influence immigrante, glace artisanale et d\u2019autres classiques qui font partie de l\u2019ADN gastronomique de Buenos Aires.<\/p>\n<p data-start=\"1137\" data-end=\"1408\">En plus des d\u00e9gustations, vous d\u00e9couvrirez l\u2019histoire culturelle du quartier de Chacarita, sa transformation en l\u2019un des p\u00f4les gastronomiques les plus int\u00e9ressants de la ville, ainsi que l\u2019influence des diff\u00e9rentes vagues migratoires qui ont fa\u00e7onn\u00e9 la cuisine argentine.<\/p>\n<p data-start=\"1410\" data-end=\"1582\">Une exp\u00e9rience id\u00e9ale pour les voyageurs curieux qui souhaitent d\u00e9couvrir le vrai Buenos Aires \u00e0 travers ses saveurs, ses histoires et ses quartiers les moins touristiques.<\/p>\n<hr data-start=\"1584\" data-end=\"1587\" \/>\n<h2 data-section-id=\"1a1ahae\" data-start=\"1589\" data-end=\"1604\">Highlights<\/h2>\n<ul data-start=\"1606\" data-end=\"2114\">\n<li data-section-id=\"b1vv23\" data-start=\"1606\" data-end=\"1694\">D\u00e9couvrez la gastronomie argentine la plus authentique au-del\u00e0 du traditionnel asado<\/li>\n<li data-section-id=\"glyxq3\" data-start=\"1695\" data-end=\"1779\">Commencez par un ap\u00e9ritif typiquement porte\u00f1o dans un bar sp\u00e9cialis\u00e9 en vermouth<\/li>\n<li data-section-id=\"1sf5vyb\" data-start=\"1780\" data-end=\"1880\">D\u00e9gustez plusieurs plats traditionnels dans diff\u00e9rents \u00e9tablissements embl\u00e9matiques de Chacarita<\/li>\n<li data-section-id=\"jinjmk\" data-start=\"1881\" data-end=\"1964\">Explorez l\u2019un des quartiers les plus tendance et gastronomiques de Buenos Aires<\/li>\n<li data-section-id=\"1rq8mld\" data-start=\"1965\" data-end=\"2044\">Comprenez l\u2019influence italienne, espagnole et juive dans la cuisine porte\u00f1a<\/li>\n<li data-section-id=\"129obgt\" data-start=\"2045\" data-end=\"2114\">Vivez une exp\u00e9rience locale loin des circuits touristiques de masse<\/li>\n<\/ul>\n<h3 data-section-id=\"itw2t1\" data-start=\"2886\" data-end=\"2907\">Avant de r\u00e9server<\/h3>\n<ul data-start=\"2909\" data-end=\"3192\">\n<li data-section-id=\"1t7hmm\" data-start=\"2909\" data-end=\"2983\">Merci de signaler \u00e0 l\u2019avance toute allergie ou restriction alimentaire<\/li>\n<li data-section-id=\"1gbhm9c\" data-start=\"2984\" data-end=\"3077\">La visite a lieu en cas de pluie l\u00e9g\u00e8re ; en cas de forte temp\u00eate, elle sera reprogramm\u00e9e<\/li>\n<li data-section-id=\"ayzgbx\" data-start=\"3078\" data-end=\"3136\">Il est conseill\u00e9 de ne pas trop manger avant la visite<\/li>\n<li data-section-id=\"1axu15s\" data-start=\"3137\" data-end=\"3192\">Petits groupes pour une exp\u00e9rience plus personnalis\u00e9e<\/li>\n<\/ul>\n<p>&nbsp;<\/p>\n<p><strong>General information :<\/strong><\/p>\n<ul>\n<li><strong>Free cancellation<\/strong><\/li>\n<li>Cancel up to 24 hours in advance and receive a full refund<\/li>\n<li><strong>Duration:<\/strong> 3 hours.<\/li>\n<li><strong>Guide\u00a0<\/strong><strong>: <\/strong>French, English, Spanish<\/li>\n<li><strong>Meeting point<\/strong><\/li>\n<li><strong>Cantina Palermo, El imperfecto, Chori, El preferido<\/strong><\/li>\n<li><strong>Private Tower<\/strong><\/li>\n<li>A maximum of 5 participants<\/li>\n<li><strong>Summary:<\/strong><\/li>\n<li><strong>Duration<\/strong>\u00a03 hours<\/li>\n<li><strong>Price<\/strong>\u00a0uss 90 per person<\/li>\n<li><strong>Jusqu&rsquo;\u00e0 5 personnes<\/strong><\/li>\n<\/ul>","protected":false},"excerpt":{"rendered":"<ul>\n<li><strong>Included<\/strong><\/li>\n<li>Professional guide<\/li>\n<li>Meals and drinks,<\/li>\n<li><strong>Not included<\/strong><\/li>\n<li>Tips<\/li>\n<\/ul>","protected":false},"featured_media":20457,"comment_status":"open","ping_status":"closed","template":"","meta":{"_et_pb_use_builder":"","_et_pb_old_content":"","_et_gb_content_width":""},"product_brand":[],"product_cat":[45],"product_tag":[],"class_list":{"0":"post-20714","1":"product","2":"type-product","3":"status-publish","4":"has-post-thumbnail","6":"product_cat-sin-categorizar","8":"first","9":"instock","10":"sold-individually","11":"shipping-taxable","12":"purchasable","13":"product-type-simple"},"_links":{"self":[{"href":"https:\/\/buenosairesmeguide.com\/en\/wp-json\/wp\/v2\/product\/20714","targetHints":{"allow":["GET"]}}],"collection":[{"href":"https:\/\/buenosairesmeguide.com\/en\/wp-json\/wp\/v2\/product"}],"about":[{"href":"https:\/\/buenosairesmeguide.com\/en\/wp-json\/wp\/v2\/types\/product"}],"replies":[{"embeddable":true,"href":"https:\/\/buenosairesmeguide.com\/en\/wp-json\/wp\/v2\/comments?post=20714"}],"wp:featuredmedia":[{"embeddable":true,"href":"https:\/\/buenosairesmeguide.com\/en\/wp-json\/wp\/v2\/media\/20457"}],"wp:attachment":[{"href":"https:\/\/buenosairesmeguide.com\/en\/wp-json\/wp\/v2\/media?parent=20714"}],"wp:term":[{"taxonomy":"product_brand","embeddable":true,"href":"https:\/\/buenosairesmeguide.com\/en\/wp-json\/wp\/v2\/product_brand?post=20714"},{"taxonomy":"product_cat","embeddable":true,"href":"https:\/\/buenosairesmeguide.com\/en\/wp-json\/wp\/v2\/product_cat?post=20714"},{"taxonomy":"product_tag","embeddable":true,"href":"https:\/\/buenosairesmeguide.com\/en\/wp-json\/wp\/v2\/product_tag?post=20714"}],"curies":[{"name":"wp","href":"https:\/\/api.w.org\/{rel}","templated":true}]}}