{"id":20670,"date":"2026-04-28T20:28:55","date_gmt":"2026-04-28T23:28:55","guid":{"rendered":"https:\/\/buenosairesmeguide.com\/?page_id=20670"},"modified":"2026-05-05T12:55:41","modified_gmt":"2026-05-05T15:55:41","slug":"politique-de-confidentialite","status":"publish","type":"page","link":"https:\/\/buenosairesmeguide.com\/es\/politique-de-confidentialite\/","title":{"rendered":"Pol\u00edtica de Privacidad"},"content":{"rendered":"\n[et_pb_section fb_built=\u00a0\u00bb1&Prime; custom_padding_last_edited=\u00a0\u00bbon|tablet\u00a0\u00bb _builder_version=\u00a0\u00bb4.27.2&Prime; _module_preset=\u00a0\u00bbdefault\u00a0\u00bb background_enable_color=\u00a0\u00bboff\u00a0\u00bb background_image=\u00a0\u00bbhttps:\/\/buenosairesmeguide.com\/wp-content\/uploads\/2024\/11\/guide-francophone-buenos-aires-obelisco.webp\u00a0\u00bb custom_padding=\u00a0\u00bb127px||0px||false|false\u00a0\u00bb custom_padding_tablet=\u00a0\u00bb100px||0px||false|false\u00a0\u00bb custom_padding_phone=\u00a0\u00bb\u00a0\u00bb custom_css_before=\u00a0\u00bbcontent: %22%22;||    width: 100%;||    height: 100%;||    background: #1d1d1d;||    opacity: 0.8;||    position: absolute;||    top: 0;||    left: 0;\u00a0\u00bb custom_css_main_element=\u00a0\u00bbposition: relative;\u00a0\u00bb global_colors_info=\u00a0\u00bb{}\u00a0\u00bb][et_pb_row _builder_version=\u00a0\u00bb4.20.2&Prime; _module_preset=\u00a0\u00bbdefault\u00a0\u00bb width=\u00a0\u00bb90%\u00a0\u00bb custom_padding=\u00a0\u00bb||128px||false|false\u00a0\u00bb global_colors_info=\u00a0\u00bb{}\u00a0\u00bb][et_pb_column type=\u00a0\u00bb4_4&Prime; _builder_version=\u00a0\u00bb4.20.2&Prime; _module_preset=\u00a0\u00bbdefault\u00a0\u00bb global_colors_info=\u00a0\u00bb{}\u00a0\u00bb][et_pb_text _builder_version=\u00a0\u00bb4.27.2&Prime; _dynamic_attributes=\u00a0\u00bbcontent\u00a0\u00bb _module_preset=\u00a0\u00bbdefault\u00a0\u00bb text_font=\u00a0\u00bbArchivo||||||||\u00a0\u00bb text_text_color=\u00a0\u00bb#FFFFFF\u00a0\u00bb text_font_size=\u00a0\u00bb36px\u00a0\u00bb text_line_height=\u00a0\u00bb40px\u00a0\u00bb text_orientation=\u00a0\u00bbcenter\u00a0\u00bb hover_enabled=\u00a0\u00bb0&Prime; text_font_size_tablet=\u00a0\u00bb30px\u00a0\u00bb text_font_size_phone=\u00a0\u00bb24px\u00a0\u00bb text_font_size_last_edited=\u00a0\u00bbon|tablet\u00a0\u00bb text_line_height_tablet=\u00a0\u00bb\u00a0\u00bb text_line_height_phone=\u00a0\u00bb35px\u00a0\u00bb text_line_height_last_edited=\u00a0\u00bbon|phone\u00a0\u00bb custom_css_main_element=\u00a0\u00bbfont-weight: 700;\u00a0\u00bb global_colors_info=\u00a0\u00bb{}\u00a0\u00bb sticky_enabled=\u00a0\u00bb0&Prime;]@ET-DC@eyJkeW5hbWljIjp0cnVlLCJjb250ZW50IjoicG9zdF90aXRsZSIsInNldHRpbmdzIjp7ImJlZm9yZSI6IiIsImFmdGVyIjoiIn19@[\/et_pb_text][\/et_pb_column][\/et_pb_row][et_pb_row custom_padding_last_edited=\u00a0\u00bbon|phone\u00a0\u00bb _builder_version=\u00a0\u00bb4.20.2&Prime; _module_preset=\u00a0\u00bbdefault\u00a0\u00bb background_color=\u00a0\u00bb#FFFFFF\u00a0\u00bb width=\u00a0\u00bb90%\u00a0\u00bb custom_margin=\u00a0\u00bb||-25px||false|false\u00a0\u00bb custom_padding=\u00a0\u00bb15px|50px|15px|50px|false|false\u00a0\u00bb custom_padding_tablet=\u00a0\u00bb\u00a0\u00bb custom_padding_phone=\u00a0\u00bb15px|20px|15px|20px|false|false\u00a0\u00bb custom_css_main_element=\u00a0\u00bbwidth: fit-content;||box-shadow: 0px 6px 20px rgba(0, 0, 0, 0.05);||    z-index: 1;\u00a0\u00bb border_radii=\u00a0\u00bbon|5px|5px|5px|5px\u00a0\u00bb global_colors_info=\u00a0\u00bb{}\u00a0\u00bb][et_pb_column type=\u00a0\u00bb4_4&Prime; _builder_version=\u00a0\u00bb4.20.2&Prime; _module_preset=\u00a0\u00bbdefault\u00a0\u00bb custom_css_main_element=\u00a0\u00bbdisplay: flex;||    align-items: center;||    justify-content: center;\u00a0\u00bb global_colors_info=\u00a0\u00bb{}\u00a0\u00bb][et_pb_text _builder_version=\u00a0\u00bb4.20.2&Prime; _dynamic_attributes=\u00a0\u00bblink_option_url\u00a0\u00bb _module_preset=\u00a0\u00bbdefault\u00a0\u00bb text_font=\u00a0\u00bbArchivo||||||||\u00a0\u00bb text_line_height=\u00a0\u00bb20px\u00a0\u00bb custom_margin=\u00a0\u00bb|5px|0px||false|false\u00a0\u00bb custom_padding=\u00a0\u00bb|20px|||false|false\u00a0\u00bb link_option_url=\u00a0\u00bb@ET-DC@eyJkeW5hbWljIjp0cnVlLCJjb250ZW50IjoiaG9tZV91cmwiLCJzZXR0aW5ncyI6e319@\u00a0\u00bb custom_css_before=\u00a0\u00bbcontent: %22%9235%22;||    font-family: ETmodules;||    position: absolute;||    right: 0;||    top: 50%;||    transform: translateY(-50%);\u00a0\u00bb custom_css_main_element=\u00a0\u00bbfont-weight: 400;||color: var(&#8211;color1);||position: relative;\u00a0\u00bb global_colors_info=\u00a0\u00bb{}\u00a0\u00bb]<p>Home<\/p>[\/et_pb_text][et_pb_text _builder_version=\u00a0\u00bb4.20.2&Prime; _dynamic_attributes=\u00a0\u00bbcontent\u00a0\u00bb _module_preset=\u00a0\u00bbdefault\u00a0\u00bb text_font=\u00a0\u00bbArchivo||||||||\u00a0\u00bb text_text_color=\u00a0\u00bb#1d1d1d\u00a0\u00bb text_line_height=\u00a0\u00bb20px\u00a0\u00bb custom_css_main_element=\u00a0\u00bbfont-weight: 400;\u00a0\u00bb global_colors_info=\u00a0\u00bb{}\u00a0\u00bb]@ET-DC@eyJkeW5hbWljIjp0cnVlLCJjb250ZW50IjoicG9zdF90aXRsZSIsInNldHRpbmdzIjp7ImJlZm9yZSI6IiIsImFmdGVyIjoiIn19@[\/et_pb_text][\/et_pb_column][\/et_pb_row][\/et_pb_section][et_pb_section fb_built=\u00a0\u00bb1&Prime; use_custom_gutter=\u00a0\u00bbon\u00a0\u00bb gutter_width=\u00a0\u00bb2&Prime; specialty=\u00a0\u00bbon\u00a0\u00bb _builder_version=\u00a0\u00bb4.27.2&Prime; _module_preset=\u00a0\u00bbdefault\u00a0\u00bb width=\u00a0\u00bb100%\u00a0\u00bb max_width=\u00a0\u00bb100%\u00a0\u00bb inner_width=\u00a0\u00bb90%\u00a0\u00bb global_colors_info=\u00a0\u00bb{}\u00a0\u00bb][et_pb_column type=\u00a0\u00bb3_4&Prime; specialty_columns=\u00a0\u00bb3&Prime; _builder_version=\u00a0\u00bb4.16&Prime; custom_padding=\u00a0\u00bb|||\u00a0\u00bb global_colors_info=\u00a0\u00bb{}\u00a0\u00bb custom_padding__hover=\u00a0\u00bb|||\u00a0\u00bb][et_pb_row_inner _builder_version=\u00a0\u00bb4.20.2&Prime; _module_preset=\u00a0\u00bbdefault\u00a0\u00bb custom_padding=\u00a0\u00bb||0px||false|false\u00a0\u00bb global_colors_info=\u00a0\u00bb{}\u00a0\u00bb][et_pb_column_inner saved_specialty_column_type=\u00a0\u00bb3_4&Prime; _builder_version=\u00a0\u00bb4.20.2&Prime; _module_preset=\u00a0\u00bbdefault\u00a0\u00bb global_colors_info=\u00a0\u00bb{}\u00a0\u00bb][et_pb_text _builder_version=\u00a0\u00bb4.27.2&Prime; _module_preset=\u00a0\u00bbdefault\u00a0\u00bb text_font=\u00a0\u00bb|300|||||||\u00a0\u00bb hover_enabled=\u00a0\u00bb0&Prime; global_colors_info=\u00a0\u00bb{}\u00a0\u00bb sticky_enabled=\u00a0\u00bb0&Prime;]<p><em>Derni\u00e8re mise \u00e0 jour : 20\/04\/2026<\/em><\/p>\n<h2>1. Donn\u00e9es collect\u00e9es<\/h2>\n<p>Dans le cadre de notre activit\u00e9, nous pouvons collecter les informations personnelles suivantes :<\/p>\n<ul>\n<li>Nom et pr\u00e9nom<\/li>\n<li>Adresse email<\/li>\n<li>Num\u00e9ro de t\u00e9l\u00e9phone<\/li>\n<li>Nationalit\u00e9<\/li>\n<li>Informations li\u00e9es \u00e0 la r\u00e9servation<\/li>\n<\/ul>\n<h2>2. Utilisation des donn\u00e9es<\/h2>\n<p>Les donn\u00e9es collect\u00e9es sont utilis\u00e9es exclusivement pour :<\/p>\n<ul>\n<li>G\u00e9rer et confirmer les r\u00e9servations<\/li>\n<li>Contacter les clients avant, pendant et apr\u00e8s le tour<\/li>\n<li>Am\u00e9liorer la qualit\u00e9 de nos services<\/li>\n<\/ul>\n<h2>3. Partage des donn\u00e9es<\/h2>\n<p>Les donn\u00e9es personnelles peuvent \u00eatre partag\u00e9es, dans la mesure strictement n\u00e9cessaire, avec :<\/p>\n<ul>\n<li>Les prestataires de paiement<\/li>\n<li>Les plateformes de r\u00e9servation partenaires<\/li>\n<li>Les autorit\u00e9s l\u00e9gales, si la loi l&rsquo;exige<\/li>\n<\/ul>\n<p><strong>Vos donn\u00e9es ne sont jamais vendues \u00e0 des tiers.<\/strong><\/p>\n<h2>4. Cookies<\/h2>\n<p>Le site utilise des cookies afin de :<\/p>\n<ul>\n<li>Am\u00e9liorer l&rsquo;exp\u00e9rience de navigation<\/li>\n<li>Analyser le trafic et l&rsquo;utilisation du site<\/li>\n<\/ul>\n<p>Vous pouvez d\u00e9sactiver les cookies dans les param\u00e8tres de votre navigateur. Certaines fonctionnalit\u00e9s du site peuvent ne plus fonctionner correctement dans ce cas.<\/p>\n<h2>5. Protection des donn\u00e9es<\/h2>\n<p>Buenos Aires Me Guide s&rsquo;engage \u00e0 prot\u00e9ger vos donn\u00e9es personnelles conform\u00e9ment \u00e0 la l\u00e9gislation argentine en vigueur, notamment la<span>\u00a0<\/span><strong>Loi 25.326 sur la Protection des Donn\u00e9es Personnelles<\/strong>.<\/p>\n<h2>6. Droits des utilisateurs<\/h2>\n<p>Conform\u00e9ment \u00e0 la l\u00e9gislation applicable, vous disposez des droits suivants :<\/p>\n<ul>\n<li>Droit d&rsquo;acc\u00e8s \u00e0 vos donn\u00e9es<\/li>\n<li>Droit de modification ou de rectification<\/li>\n<li>Droit de suppression<\/li>\n<\/ul>\n<p>Pour exercer ces droits, contactez-nous \u00e0 l&rsquo;adresse indiqu\u00e9e ci-dessous.<\/p>\n<hr \/>\n<p><strong>Buenos Aires Me Guide<\/strong><br \/>Buenos Aires, Argentine<br \/><a href=\"mailto:hola@buenosairesmeguide.com\">hola@buenosairesmeguide.com<\/a><\/p>[\/et_pb_text][\/et_pb_column_inner][\/et_pb_row_inner][\/et_pb_column][et_pb_column type=\u00a0\u00bb1_4&Prime; _builder_version=\u00a0\u00bb4.16&Prime; custom_padding=\u00a0\u00bb|||\u00a0\u00bb global_colors_info=\u00a0\u00bb{}\u00a0\u00bb custom_padding__hover=\u00a0\u00bb|||\u00a0\u00bb][\/et_pb_column][\/et_pb_section]\n","protected":false},"excerpt":{"rendered":"<p>HomeDerni\u00e8re mise \u00e0 jour : 20\/04\/2026 1. Donn\u00e9es collect\u00e9es Dans le cadre de notre activit\u00e9, nous pouvons collecter les informations personnelles suivantes : Nom et pr\u00e9nom Adresse email Num\u00e9ro de t\u00e9l\u00e9phone Nationalit\u00e9 Informations li\u00e9es \u00e0 la r\u00e9servation 2. Utilisation des donn\u00e9es Les donn\u00e9es collect\u00e9es sont utilis\u00e9es exclusivement pour : G\u00e9rer et confirmer les r\u00e9servations Contacter [&hellip;]<\/p>\n","protected":false},"author":4,"featured_media":0,"parent":0,"menu_order":0,"comment_status":"closed","ping_status":"closed","template":"","meta":{"_et_pb_use_builder":"on","_et_pb_old_content":"","_et_gb_content_width":"","footnotes":""},"class_list":["post-20670","page","type-page","status-publish","hentry"],"_links":{"self":[{"href":"https:\/\/buenosairesmeguide.com\/es\/wp-json\/wp\/v2\/pages\/20670","targetHints":{"allow":["GET"]}}],"collection":[{"href":"https:\/\/buenosairesmeguide.com\/es\/wp-json\/wp\/v2\/pages"}],"about":[{"href":"https:\/\/buenosairesmeguide.com\/es\/wp-json\/wp\/v2\/types\/page"}],"author":[{"embeddable":true,"href":"https:\/\/buenosairesmeguide.com\/es\/wp-json\/wp\/v2\/users\/4"}],"replies":[{"embeddable":true,"href":"https:\/\/buenosairesmeguide.com\/es\/wp-json\/wp\/v2\/comments?post=20670"}],"version-history":[{"count":5,"href":"https:\/\/buenosairesmeguide.com\/es\/wp-json\/wp\/v2\/pages\/20670\/revisions"}],"predecessor-version":[{"id":20753,"href":"https:\/\/buenosairesmeguide.com\/es\/wp-json\/wp\/v2\/pages\/20670\/revisions\/20753"}],"wp:attachment":[{"href":"https:\/\/buenosairesmeguide.com\/es\/wp-json\/wp\/v2\/media?parent=20670"}],"curies":[{"name":"wp","href":"https:\/\/api.w.org\/{rel}","templated":true}]}}