{"id":20048,"date":"2024-11-29T00:03:06","date_gmt":"2024-11-29T00:03:06","guid":{"rendered":"https:\/\/buenosairesmeguide.com\/?post_type=product&#038;p=20048"},"modified":"2026-04-21T20:02:07","modified_gmt":"2026-04-21T23:02:07","slug":"viaje-exclusivo-al-corazon-de-la-vida-gaucha-dia-privado-en-lestancia","status":"publish","type":"product","link":"https:\/\/buenosairesmeguide.com\/es\/producto\/voyage-exclusif-au-coeur-de-la-vie-gaucho-journee-privee-a-lestancia\/","title":{"rendered":"Tour Priv\u00e9 Estancia Argentine \u2013 Journ\u00e9e Gaucho \u00e0 San Antonio de Areco"},"content":{"rendered":"<p>Descubra el encanto y las tradiciones del campo argentino en una visita de un d\u00eda completo en una estancia tradicional de San Antonio de Areco, el coraz\u00f3n de la cultura gaucha. Este viaje de inmersi\u00f3n le invita a retroceder en el tiempo y vivir como un vaquero argentino, rodeado de la belleza de las llanuras de la Pampa. Comience el d\u00eda con una c\u00e1lida bienvenida, degustando pasteles locales y un refrescante mate. El d\u00eda est\u00e1 repleto de emocionantes actividades, como un paseo a caballo, un espect\u00e1culo de danzas folcl\u00f3ricas y la oportunidad de ver a los gauchos demostrando sus incre\u00edbles habilidades ecuestres.<\/p>\n<p><strong>Lo m\u00e1s destacado:<\/strong><\/p>\n<ul>\n<li>Asado tradicional argentino con carnes locales de calidad.<\/li>\n<li>Paseo guiado a caballo por los magn\u00edficos terrenos de la estancia.<\/li>\n<li>Espect\u00e1culos folcl\u00f3ricos de m\u00fasica y danza argentina.<\/li>\n<li>Encuentro con gauchos locales para descubrir sus costumbres.<\/li>\n<li>Una relajante escapada de la ciudad al coraz\u00f3n del campo argentino.<\/li>\n<\/ul>\n<p><strong>Informaci\u00f3n general :<\/strong><\/p>\n<ul>\n<li><strong>Cancelaci\u00f3n gratuita<\/strong><\/li>\n<li>Cancele hasta con 24 horas de antelaci\u00f3n y reciba un reembolso completo<\/li>\n<li><strong>Duraci\u00f3n 8 horas<\/strong><\/li>\n<li>Compruebe la disponibilidad de horarios.<\/li>\n<li><strong>Gu\u00eda<\/strong><\/li>\n<li>Franc\u00e9s, ingl\u00e9s, espa\u00f1ol<\/li>\n<li><strong>Servicio de recogida incluido<\/strong><\/li>\n<li>Recogida en los hoteles. Indique el nombre y la direcci\u00f3n de su hotel.<\/li>\n<li><strong>Torre privada<\/strong><\/li>\n<li>Un m\u00e1ximo de 4 participantes<\/li>\n<\/ul>","protected":false},"excerpt":{"rendered":"<p>D\u00e9couvrez le charme et les traditions de la campagne argentine avec une journ\u00e9e compl\u00e8te dans une estancia traditionnelle \u00e0 San Antonio de Areco, le c\u0153ur de la culture gaucho. Ce circuit immersif vous invite \u00e0 remonter le temps et \u00e0 vivre comme un cowboy argentin, entour\u00e9 par la beaut\u00e9 des plaines de la Pampa. Commencez [&hellip;]<\/p>\n","protected":false},"featured_media":19968,"comment_status":"open","ping_status":"closed","template":"","meta":{"_et_pb_use_builder":"on","_et_pb_old_content":"D\u00e9couvrez le charme et les traditions de la campagne argentine avec une journ\u00e9e compl\u00e8te dans une estancia traditionnelle \u00e0 San Antonio de Areco, le c\u0153ur de la culture gaucho. Ce circuit immersif vous invite \u00e0 remonter le temps et \u00e0 vivre comme un cowboy argentin, entour\u00e9 par la beaut\u00e9 des plaines de la Pampa. Commencez votre journ\u00e9e avec un accueil chaleureux, en d\u00e9gustant des p\u00e2tisseries locales et un mat\u00e9 rafra\u00eechissant. La journ\u00e9e est rythm\u00e9e par des activit\u00e9s passionnantes, dont une balade \u00e0 cheval, un spectacle de danses folkloriques, et l\u2019occasion d\u2019observer des gauchos d\u00e9montrant leur incroyable habilet\u00e9 \u00e9questre.\r\n\r\n<strong>Points forts:<\/strong>\r\n<ul>\r\n \t<li>Barbecue argentin traditionnel (asado) avec des viandes locales de qualit\u00e9.<\/li>\r\n \t<li>Balade \u00e0 cheval guid\u00e9e \u00e0 travers les magnifiques terres de l'estancia.<\/li>\r\n \t<li>Spectacles de folklore mettant en avant la musique et la danse argentine.<\/li>\r\n \t<li>Rencontre avec des gauchos locaux pour d\u00e9couvrir leurs coutumes.<\/li>\r\n \t<li>Une escapade relaxante de la ville dans le c\u0153ur de la campagne argentine.<\/li>\r\n<\/ul>\r\n<strong>Informations g\u00e9n\u00e9rales\u00a0:<\/strong>\r\n<ul>\r\n \t<li><strong>Annulation gratuite<\/strong><\/li>\r\n \t<li>Annulez jusqu'\u00e0 24 heures \u00e0 l'avance et recevez un remboursement complet<\/li>\r\n \t<li><strong>Dur\u00e9e 8 heures<\/strong><\/li>\r\n \t<li>V\u00e9rifiez la disponibilit\u00e9 pour les heures de d\u00e9but.<\/li>\r\n \t<li><strong>Guide<\/strong><\/li>\r\n \t<li>Fran\u00e7ais, Anglais, Espagnol<\/li>\r\n \t<li><strong>Service de prise en charge inclus<\/strong><\/li>\r\n \t<li>Prise en charge depuis les h\u00f4tels. Veuillez indiquer le nom et l'adresse de votre h\u00f4tel.<\/li>\r\n \t<li><strong>Tour Priv\u00e9<\/strong><\/li>\r\n \t<li>Un maximum de 4 participants<\/li>\r\n<\/ul>","_et_gb_content_width":""},"product_brand":[],"product_cat":[45],"product_tag":[73,72,74,70,71],"class_list":{"0":"post-20048","1":"product","2":"type-product","3":"status-publish","4":"has-post-thumbnail","6":"product_cat-sin-categorizar","7":"product_tag-asado","8":"product_tag-campo","9":"product_tag-estancia-argentina","10":"product_tag-gaucho","11":"product_tag-mate","13":"first","14":"instock","15":"sold-individually","16":"purchasable","17":"product-type-simple"},"_links":{"self":[{"href":"https:\/\/buenosairesmeguide.com\/es\/wp-json\/wp\/v2\/product\/20048","targetHints":{"allow":["GET"]}}],"collection":[{"href":"https:\/\/buenosairesmeguide.com\/es\/wp-json\/wp\/v2\/product"}],"about":[{"href":"https:\/\/buenosairesmeguide.com\/es\/wp-json\/wp\/v2\/types\/product"}],"replies":[{"embeddable":true,"href":"https:\/\/buenosairesmeguide.com\/es\/wp-json\/wp\/v2\/comments?post=20048"}],"wp:featuredmedia":[{"embeddable":true,"href":"https:\/\/buenosairesmeguide.com\/es\/wp-json\/wp\/v2\/media\/19968"}],"wp:attachment":[{"href":"https:\/\/buenosairesmeguide.com\/es\/wp-json\/wp\/v2\/media?parent=20048"}],"wp:term":[{"taxonomy":"product_brand","embeddable":true,"href":"https:\/\/buenosairesmeguide.com\/es\/wp-json\/wp\/v2\/product_brand?post=20048"},{"taxonomy":"product_cat","embeddable":true,"href":"https:\/\/buenosairesmeguide.com\/es\/wp-json\/wp\/v2\/product_cat?post=20048"},{"taxonomy":"product_tag","embeddable":true,"href":"https:\/\/buenosairesmeguide.com\/es\/wp-json\/wp\/v2\/product_tag?post=20048"}],"curies":[{"name":"wp","href":"https:\/\/api.w.org\/{rel}","templated":true}]}}