{"id":20057,"date":"2024-12-02T20:53:55","date_gmt":"2024-12-02T20:53:55","guid":{"rendered":"https:\/\/buenosairesmeguide.com\/?post_type=product&#038;p=20057"},"modified":"2026-04-21T14:45:25","modified_gmt":"2026-04-21T17:45:25","slug":"ame-de-buenos-aires-san-telmo-et-la-boca-en-prive","status":"publish","type":"product","link":"https:\/\/buenosairesmeguide.com\/es\/producto\/ame-de-buenos-aires-san-telmo-et-la-boca-en-prive\/","title":{"rendered":"El alma de Buenos Aires: San Telmo y La Boca en privado"},"content":{"rendered":"<p>Sum\u00e9rjase en la autenticidad de Buenos Aires con un recorrido privado a pie que revela la esencia de dos barrios emblem\u00e1ticos: San Telmo y La Boca. Este exclusivo tour est\u00e1 dise\u00f1ado para los amantes de la cultura, la historia y el arte que quieran descubrir la ciudad a su propio ritmo, en una experiencia personalizada y envolvente.<\/p>\n<p>San Telmo, con su ambiente bohemio y sus calles empedradas, le transporta al pasado de la capital argentina. Explore sus bulliciosos mercados, galer\u00edas de arte ocultas y edificios coloniales cargados de historia. En La Boca, d\u00e9jese cautivar por los vibrantes colores de la calle Caminito y la energ\u00eda del tango, mientras descubre la singular historia de este barrio portuario donde el arte y la cultura popular cobran vida.<\/p>\n<p>Este recorrido se centra en la comodidad y la exclusividad: su experto gu\u00eda local adaptar\u00e1 la ruta a sus intereses y responder\u00e1 a todas sus preguntas para que disfrute de una experiencia gratificante y memorable.<\/p>\n<p>&nbsp;<\/p>\n<p><strong>Destacados<\/strong> :<\/p>\n<ul>\n<li>Una experiencia a su medida: disfrute de una ruta adaptada a sus preferencias.<\/li>\n<li>Inmersi\u00f3n cultural: explore barrios ricos en historia, arte y tradici\u00f3n.<\/li>\n<li>Exclusivo: visita privada para una inmersi\u00f3n total sin distracciones.<\/li>\n<li>Momentos inolvidables: la oportunidad perfecta para captar la verdadera alma de Buenos Aires.<\/li>\n<\/ul>\n<p><strong>\u00a0<\/strong><\/p>\n<p><strong>Informaci\u00f3n general :<\/strong><\/p>\n<ul>\n<li><strong>Cancelaci\u00f3n gratuita<\/strong><\/li>\n<li>Cancele hasta con 24 horas de antelaci\u00f3n y reciba un reembolso completo<\/li>\n<li><strong>Duraci\u00f3n 3 horas<\/strong><\/li>\n<li><strong>Gu\u00eda<\/strong><\/li>\n<li>Franc\u00e9s, ingl\u00e9s, espa\u00f1ol<\/li>\n<li><strong>Soporte :<\/strong> Desde el hotel<\/li>\n<li><strong>Torre privada<\/strong><\/li>\n<li>Un m\u00e1ximo de 5 participantes<\/li>\n<\/ul>","protected":false},"excerpt":{"rendered":"<p>Plongez au c\u0153ur de l&rsquo;authenticit\u00e9 de Buenos Aires avec une visite priv\u00e9e \u00e0 pied qui r\u00e9v\u00e8le l\u2019essence de deux quartiers embl\u00e9matiques : San Telmo et La Boca. Ce tour exclusif est con\u00e7u pour les amateurs de culture, d\u2019histoire et d\u2019art qui souhaitent d\u00e9couvrir la ville \u00e0 leur rythme, dans une exp\u00e9rience personnalis\u00e9e et immersive. San [&hellip;]<\/p>\n","protected":false},"featured_media":19965,"comment_status":"open","ping_status":"closed","template":"","meta":{"_et_pb_use_builder":"","_et_pb_old_content":"","_et_gb_content_width":""},"product_brand":[],"product_cat":[45],"product_tag":[68,65,67,63,66,64,69],"class_list":{"0":"post-20057","1":"product","2":"type-product","3":"status-publish","4":"has-post-thumbnail","6":"product_cat-sin-categorizar","7":"product_tag-boca-juniors","8":"product_tag-caminito","9":"product_tag-futbol","10":"product_tag-la-boca","11":"product_tag-quinquela-martin","12":"product_tag-san-telmo","13":"product_tag-tango","15":"first","16":"instock","17":"sold-individually","18":"purchasable","19":"product-type-simple"},"_links":{"self":[{"href":"https:\/\/buenosairesmeguide.com\/es\/wp-json\/wp\/v2\/product\/20057","targetHints":{"allow":["GET"]}}],"collection":[{"href":"https:\/\/buenosairesmeguide.com\/es\/wp-json\/wp\/v2\/product"}],"about":[{"href":"https:\/\/buenosairesmeguide.com\/es\/wp-json\/wp\/v2\/types\/product"}],"replies":[{"embeddable":true,"href":"https:\/\/buenosairesmeguide.com\/es\/wp-json\/wp\/v2\/comments?post=20057"}],"wp:featuredmedia":[{"embeddable":true,"href":"https:\/\/buenosairesmeguide.com\/es\/wp-json\/wp\/v2\/media\/19965"}],"wp:attachment":[{"href":"https:\/\/buenosairesmeguide.com\/es\/wp-json\/wp\/v2\/media?parent=20057"}],"wp:term":[{"taxonomy":"product_brand","embeddable":true,"href":"https:\/\/buenosairesmeguide.com\/es\/wp-json\/wp\/v2\/product_brand?post=20057"},{"taxonomy":"product_cat","embeddable":true,"href":"https:\/\/buenosairesmeguide.com\/es\/wp-json\/wp\/v2\/product_cat?post=20057"},{"taxonomy":"product_tag","embeddable":true,"href":"https:\/\/buenosairesmeguide.com\/es\/wp-json\/wp\/v2\/product_tag?post=20057"}],"curies":[{"name":"wp","href":"https:\/\/api.w.org\/{rel}","templated":true}]}}