{"id":20062,"date":"2024-12-03T13:44:05","date_gmt":"2024-12-03T13:44:05","guid":{"rendered":"https:\/\/buenosairesmeguide.com\/?post_type=product&#038;p=20062"},"modified":"2026-04-12T19:37:16","modified_gmt":"2026-04-12T22:37:16","slug":"un-descubrimiento-privado-intimo-y-a-medida-de-buenos-aires-su-aventura-personalizada-en-buenos-aires","status":"publish","type":"product","link":"https:\/\/buenosairesmeguide.com\/es\/producto\/decouverte-privee-intime-et-sur-mesure-de-buenos-aires-votre-aventure-personnalisee-a-buenos-aires\/","title":{"rendered":"Descubrimiento privado, \u00edntimo y a medida de Buenos Aires: Su aventura personalizada"},"content":{"rendered":"<p>Descubra Buenos Aires a su propio ritmo con este recorrido a pie personalizado, dise\u00f1ado para sumergirse en la vibrante esencia de la ciudad. Desde el encanto bohemio de San Telmo a la elegancia de Recoleta, o la energ\u00eda din\u00e1mica de Palermo, este tour se adapta a sus intereses y deseos, para una experiencia inolvidable.<\/p>\n<p>De la mano de un apasionado gu\u00eda local, explore rincones ocultos, calles cargadas de historia y monumentos emblem\u00e1ticos como el Obelisco o la majestuosa Plaza de Mayo. Marav\u00edllese con la mezcla de arquitectura colonial, art nouveau y moderna, mientras descubre las historias y personajes que han dado forma a esta metr\u00f3polis \u00fanica.<\/p>\n<p>Este recorrido le invita no s\u00f3lo a explorar Buenos Aires, sino a sentirla: escuchar el murmullo de sus caf\u00e9s, admirar su arte callejero y conectar con la calidez de su gente. Ideal para quienes visitan la ciudad por primera vez o para quienes buscan una perspectiva m\u00e1s profunda y aut\u00e9ntica de la ciudad.<\/p>\n<p>&nbsp;<\/p>\n<p>&nbsp;<\/p>\n<p><strong>Lo m\u00e1s destacado:<\/strong><\/p>\n<ul>\n<li>Personalizaci\u00f3n total<\/li>\n<li>Descubrimiento cultural inmersivo<\/li>\n<li>Acompa\u00f1ado por un apasionado gu\u00eda local<\/li>\n<li>Una experiencia sensorial completa<\/li>\n<li>Duraci\u00f3n flexible<\/li>\n<li>Combinaci\u00f3n perfecta de iconos y tesoros ocultos<\/li>\n<li>Ideal para aficionados a la fotograf\u00eda<\/li>\n<\/ul>\n<p>&nbsp;<\/p>\n<p><strong>Informaci\u00f3n general :<\/strong><\/p>\n<p><strong>\u00a0<\/strong><\/p>\n<ul>\n<li><strong>Cancelaci\u00f3n gratuita<\/strong><\/li>\n<li>Cancele hasta con 24 horas de antelaci\u00f3n y reciba un reembolso completo<\/li>\n<li><strong>Duraci\u00f3n:<\/strong> De 3 a 8 horas. T\u00fa eliges el ritmo y las paradas.<\/li>\n<li><strong>Gu\u00eda\u00a0<\/strong><strong>: <\/strong>Franc\u00e9s, ingl\u00e9s, espa\u00f1ol<\/li>\n<li><strong>Punto de encuentro<\/strong><\/li>\n<li>Entrada al cementerio<\/li>\n<li><strong>Torre privada<\/strong><\/li>\n<li>Un m\u00e1ximo de 5 participantes<\/li>\n<\/ul>","protected":false},"excerpt":{"rendered":"<p>D\u00e9couvrez Buenos Aires \u00e0 votre rythme avec cette visite guid\u00e9e \u00e0 pied personnalis\u00e9e, con\u00e7ue pour vous immerger dans l&rsquo;essence vibrante de la ville. Du charme boh\u00e8me de San Telmo \u00e0 l&rsquo;\u00e9l\u00e9gance de Recoleta, ou l&rsquo;\u00e9nergie dynamique de Palermo, cette visite s&rsquo;adapte \u00e0 vos int\u00e9r\u00eats et vos envies, pour une exp\u00e9rience inoubliable. Avec un guide local [&hellip;]<\/p>\n","protected":false},"featured_media":19964,"comment_status":"open","ping_status":"closed","template":"","meta":{"_et_pb_use_builder":"","_et_pb_old_content":"","_et_gb_content_width":""},"product_brand":[],"product_cat":[45],"product_tag":[],"class_list":{"0":"post-20062","1":"product","2":"type-product","3":"status-publish","4":"has-post-thumbnail","6":"product_cat-sin-categorizar","8":"first","9":"instock","10":"sold-individually","11":"shipping-taxable","12":"purchasable","13":"product-type-variable"},"_links":{"self":[{"href":"https:\/\/buenosairesmeguide.com\/es\/wp-json\/wp\/v2\/product\/20062","targetHints":{"allow":["GET"]}}],"collection":[{"href":"https:\/\/buenosairesmeguide.com\/es\/wp-json\/wp\/v2\/product"}],"about":[{"href":"https:\/\/buenosairesmeguide.com\/es\/wp-json\/wp\/v2\/types\/product"}],"replies":[{"embeddable":true,"href":"https:\/\/buenosairesmeguide.com\/es\/wp-json\/wp\/v2\/comments?post=20062"}],"wp:featuredmedia":[{"embeddable":true,"href":"https:\/\/buenosairesmeguide.com\/es\/wp-json\/wp\/v2\/media\/19964"}],"wp:attachment":[{"href":"https:\/\/buenosairesmeguide.com\/es\/wp-json\/wp\/v2\/media?parent=20062"}],"wp:term":[{"taxonomy":"product_brand","embeddable":true,"href":"https:\/\/buenosairesmeguide.com\/es\/wp-json\/wp\/v2\/product_brand?post=20062"},{"taxonomy":"product_cat","embeddable":true,"href":"https:\/\/buenosairesmeguide.com\/es\/wp-json\/wp\/v2\/product_cat?post=20062"},{"taxonomy":"product_tag","embeddable":true,"href":"https:\/\/buenosairesmeguide.com\/es\/wp-json\/wp\/v2\/product_tag?post=20062"}],"curies":[{"name":"wp","href":"https:\/\/api.w.org\/{rel}","templated":true}]}}