{"id":20067,"date":"2024-12-03T15:23:50","date_gmt":"2024-12-03T15:23:50","guid":{"rendered":"https:\/\/buenosairesmeguide.com\/?post_type=product&#038;p=20067"},"modified":"2026-04-02T13:40:46","modified_gmt":"2026-04-02T16:40:46","slug":"visita-privada-a-pie-de-la-majestuosa-arquitectura-de-los-palacios-con-un-brindis-exclusivo","status":"publish","type":"product","link":"https:\/\/buenosairesmeguide.com\/es\/producto\/tour-prive-a-pied-de-larchitecture-majestueuse-des-palais-a-un-toast-exclusif\/","title":{"rendered":"Visita privada a pie: de la majestuosa arquitectura de los palacios a un brindis exclusivo"},"content":{"rendered":"<p>Plongez dans l&rsquo;\u00e9l\u00e9gance intemporelle et la richesse historique de Buenos Aires avec ce tour priv\u00e9 unique. Con\u00e7u pour les amateurs de patrimoine et de raffinement, cette exp\u00e9rience vous d\u00e9voile les joyaux architecturaux les plus embl\u00e9matiques de la capitale argentine comme la Galer\u00eda G\u00fcemes, le Palacio Libertad, Palacio Duhau, Hotel Alvear, \u00a0Confiter\u00eda del Molino, Palacio San Mart\u00edn, Casa Rosada, tout en vous offrant un moment exclusif pour c\u00e9l\u00e9brer la grandeur de ces lieux.<\/p>\n<p><strong>\u00a0<\/strong><\/p>\n<p><strong>Lo m\u00e1s destacado de este recorrido:<\/strong><\/p>\n<ol>\n<li><strong>Visita guiada al Teatro Col\u00f3n<\/strong><br \/>\nExplore uno de los teatros de \u00f3pera m\u00e1s prestigiosos del mundo, famoso por su ac\u00fastica perfecta y su suntuosa arquitectura. Descubra los secretos de este monumento cultural, s\u00edmbolo de la vida art\u00edstica de Buenos Aires, y marav\u00edllese con sus suntuosos interiores.<\/li>\n<li><strong>Descubra el Palacio Barolo<\/strong><br \/>\nRetroceda en el tiempo en este fascinante edificio, inspirado en la Divina Comedia de Dante. Con sus detalles neog\u00f3ticos y art dec\u00f3, el Palacio Barolo es una oda al ingenio y una visi\u00f3n de una \u00e9poca pasada. La visita culmina en la cima, donde le espera una vista panor\u00e1mica de la ciudad.<\/li>\n<li><strong>Explorar el Palais des Eaux Courantes<\/strong><br \/>\nMaravilla de la arquitectura de la Belle \u00c9poque, este palacio adornado con coloridas lozas y delicadas esculturas es mucho m\u00e1s que un dep\u00f3sito de agua: es una obra maestra del dise\u00f1o y la ingenier\u00eda. Descubra su historia y la importancia que tuvo en la urbanizaci\u00f3n de Buenos Aires.<\/li>\n<li><strong>Exposici\u00f3n exclusiva en el Palacio Barolo 1923 show<\/strong><br \/>\nTermine la experiencia con estilo brindando en el prestigioso Sal\u00f3n 1923. Disfrute de un momento \u00edntimo en un entorno suntuoso, ideal para saborear la magnificencia de los lugares que visite.<\/li>\n<\/ol>\n<ul>\n<li><strong>Informaci\u00f3n general :<\/strong><\/li>\n<li><strong>Cancelaci\u00f3n gratuita<\/strong><\/li>\n<li>Cancele hasta con 24 horas de antelaci\u00f3n y reciba un reembolso completo<\/li>\n<li><strong>Duraci\u00f3n:<\/strong> 6 horas.<\/li>\n<li><strong>Gu\u00eda\u00a0<\/strong><strong>: <\/strong>Franc\u00e9s, ingl\u00e9s, espa\u00f1ol<\/li>\n<li><strong>Punto de encuentro<\/strong><\/li>\n<li>Hotel<\/li>\n<li><strong>Torre privada<\/strong><\/li>\n<li>Un m\u00e1ximo de 5 participantes<\/li>\n<li><strong>Resumen:<\/strong><\/li>\n<li><strong>Duraci\u00f3n<\/strong>\u00a06 horas<\/li>\n<li><strong>Precios<\/strong> $ 120 USD por persona<\/li>\n<li><strong>Jusqu&rsquo;\u00e0 5 personnes<\/strong><\/li>\n<\/ul>","protected":false},"excerpt":{"rendered":"<ul>\n<li><strong>Incluye<\/strong><\/li>\n<li>Visita a pie<\/li>\n<li>Gu\u00eda profesional<\/li>\n<li>Recogida en el hotel a pie<\/li>\n<li>Entrada a todas las atracciones<\/li>\n<li><\/li>\n<li><strong>No incluido<\/strong><\/li>\n<li>Comidas<\/li>\n<li>Consejos<\/li>\n<\/ul>","protected":false},"featured_media":20483,"comment_status":"open","ping_status":"closed","template":"","meta":{"_et_pb_use_builder":"","_et_pb_old_content":"","_et_gb_content_width":""},"product_brand":[],"product_cat":[45],"product_tag":[],"class_list":{"0":"post-20067","1":"product","2":"type-product","3":"status-publish","4":"has-post-thumbnail","6":"product_cat-sin-categorizar","8":"first","9":"instock","10":"sold-individually","11":"shipping-taxable","12":"purchasable","13":"product-type-variable"},"_links":{"self":[{"href":"https:\/\/buenosairesmeguide.com\/es\/wp-json\/wp\/v2\/product\/20067","targetHints":{"allow":["GET"]}}],"collection":[{"href":"https:\/\/buenosairesmeguide.com\/es\/wp-json\/wp\/v2\/product"}],"about":[{"href":"https:\/\/buenosairesmeguide.com\/es\/wp-json\/wp\/v2\/types\/product"}],"replies":[{"embeddable":true,"href":"https:\/\/buenosairesmeguide.com\/es\/wp-json\/wp\/v2\/comments?post=20067"}],"wp:featuredmedia":[{"embeddable":true,"href":"https:\/\/buenosairesmeguide.com\/es\/wp-json\/wp\/v2\/media\/20483"}],"wp:attachment":[{"href":"https:\/\/buenosairesmeguide.com\/es\/wp-json\/wp\/v2\/media?parent=20067"}],"wp:term":[{"taxonomy":"product_brand","embeddable":true,"href":"https:\/\/buenosairesmeguide.com\/es\/wp-json\/wp\/v2\/product_brand?post=20067"},{"taxonomy":"product_cat","embeddable":true,"href":"https:\/\/buenosairesmeguide.com\/es\/wp-json\/wp\/v2\/product_cat?post=20067"},{"taxonomy":"product_tag","embeddable":true,"href":"https:\/\/buenosairesmeguide.com\/es\/wp-json\/wp\/v2\/product_tag?post=20067"}],"curies":[{"name":"wp","href":"https:\/\/api.w.org\/{rel}","templated":true}]}}