{"id":20071,"date":"2024-12-03T16:59:11","date_gmt":"2024-12-03T16:59:11","guid":{"rendered":"https:\/\/buenosairesmeguide.com\/?post_type=product&#038;p=20071"},"modified":"2026-04-21T14:45:25","modified_gmt":"2026-04-21T17:45:25","slug":"tour-privado-en-bicicleta-por-buenos-aires-a-su-ritmo","status":"publish","type":"product","link":"https:\/\/buenosairesmeguide.com\/es\/producto\/tour-a-velo-en-prive-buenos-aires-a-votre-rythme\/","title":{"rendered":"Tour privado en bicicleta: Buenos Aires a tu ritmo"},"content":{"rendered":"<p>Descubra Buenos Aires de una forma \u00fanica, din\u00e1mica y ecol\u00f3gica con este recorrido personalizado en bicicleta. Recorra las bulliciosas calles y los espacios emblem\u00e1ticos de la ciudad mientras siente su vibrante energ\u00eda y su encanto atemporal. Este tour combina las visitas obligadas con la flexibilidad de crear su propio itinerario, ofreci\u00e9ndole una experiencia a medida ideal para aventureros y amantes de la libertad.<\/p>\n<p><strong>\u00a0<\/strong><\/p>\n<p><strong>Informaci\u00f3n general :<\/strong><\/p>\n<ul>\n<li><strong>Un itinerario personalizable<\/strong> Elija sus lugares favoritos entre los tesoros emblem\u00e1ticos de Buenos Aires, como el colorido barrio de La Boca, la sofisticaci\u00f3n de Recoleta y la modernidad de Puerto Madero. A\u00f1ada un toque personal con paradas en mercados locales, parques o rincones secretos de la ciudad.<\/li>\n<li><strong>Una experiencia de inmersi\u00f3n<\/strong> Ciclismo: Sienta el pulso de la ciudad, explore sus rincones ocultos y emp\u00e1pese de su ambiente \u00fanico con cada pedalada.<\/li>\n<li><strong>Gu\u00edas locales expertos<\/strong> : Nos guides passionn\u00e9s partagent avec vous des anecdotes, des faits historiques et des conseils exclusifs pour vivre Buenos Aires comme un vrai \u00ab\u00a0porte\u00f1o\u00a0\u00bb.<\/li>\n<\/ul>\n<p>&nbsp;<\/p>\n<p><strong>Informaci\u00f3n general :<\/strong><\/p>\n<ul>\n<li><strong>Cancelaci\u00f3n gratuita<\/strong><\/li>\n<li>Cancele hasta con 24 horas de antelaci\u00f3n y reciba un reembolso completo<\/li>\n<li><strong>Duraci\u00f3n:<\/strong> 4 - 6 u 8 horas.<\/li>\n<li><strong>Gu\u00eda\u00a0<\/strong><strong>: <\/strong>Franc\u00e9s, ingl\u00e9s, espa\u00f1ol<\/li>\n<li><strong>Punto de encuentro<\/strong><\/li>\n<li>Chile 1145, C1099 CABA, Argentina<\/li>\n<li><strong>Torre privada<\/strong><\/li>\n<li>Un m\u00e1ximo de 5 participantes<\/li>\n<li><strong>Resumen:<\/strong><\/li>\n<li><strong>Duraci\u00f3n<\/strong>\u00a04, 6 y 8 horas<\/li>\n<li><strong>Precios<\/strong> : 3 hs uss 58, 6 hs uss 77, 8hs uss 96<\/li>\n<li><strong>Jusqu&rsquo;\u00e0 5 personnes<\/strong><\/li>\n<\/ul>","protected":false},"excerpt":{"rendered":"<ul>\n<li><strong>Incluye<\/strong><\/li>\n<li>Gu\u00eda profesional<\/li>\n<li>Bicicleta<\/li>\n<li><\/li>\n<li><strong>No incluido<\/strong><\/li>\n<li>Comidas<\/li>\n<li>Propinas<\/li>\n<li>Entrada a todas las atracciones<\/li>\n<\/ul>\n<p>&nbsp;<\/p>","protected":false},"featured_media":20424,"comment_status":"open","ping_status":"closed","template":"","meta":{"_et_pb_use_builder":"","_et_pb_old_content":"","_et_gb_content_width":""},"product_brand":[],"product_cat":[45],"product_tag":[],"class_list":{"0":"post-20071","1":"product","2":"type-product","3":"status-publish","4":"has-post-thumbnail","6":"product_cat-sin-categorizar","8":"first","9":"instock","10":"sold-individually","11":"shipping-taxable","12":"purchasable","13":"product-type-variable"},"_links":{"self":[{"href":"https:\/\/buenosairesmeguide.com\/es\/wp-json\/wp\/v2\/product\/20071","targetHints":{"allow":["GET"]}}],"collection":[{"href":"https:\/\/buenosairesmeguide.com\/es\/wp-json\/wp\/v2\/product"}],"about":[{"href":"https:\/\/buenosairesmeguide.com\/es\/wp-json\/wp\/v2\/types\/product"}],"replies":[{"embeddable":true,"href":"https:\/\/buenosairesmeguide.com\/es\/wp-json\/wp\/v2\/comments?post=20071"}],"wp:featuredmedia":[{"embeddable":true,"href":"https:\/\/buenosairesmeguide.com\/es\/wp-json\/wp\/v2\/media\/20424"}],"wp:attachment":[{"href":"https:\/\/buenosairesmeguide.com\/es\/wp-json\/wp\/v2\/media?parent=20071"}],"wp:term":[{"taxonomy":"product_brand","embeddable":true,"href":"https:\/\/buenosairesmeguide.com\/es\/wp-json\/wp\/v2\/product_brand?post=20071"},{"taxonomy":"product_cat","embeddable":true,"href":"https:\/\/buenosairesmeguide.com\/es\/wp-json\/wp\/v2\/product_cat?post=20071"},{"taxonomy":"product_tag","embeddable":true,"href":"https:\/\/buenosairesmeguide.com\/es\/wp-json\/wp\/v2\/product_tag?post=20071"}],"curies":[{"name":"wp","href":"https:\/\/api.w.org\/{rel}","templated":true}]}}