{"id":20073,"date":"2024-12-03T17:13:41","date_gmt":"2024-12-03T17:13:41","guid":{"rendered":"https:\/\/buenosairesmeguide.com\/?post_type=product&#038;p=20073"},"modified":"2026-04-29T16:19:01","modified_gmt":"2026-04-29T19:19:01","slug":"safari-del-tigre-el-delta-del-tigre-en-estado-puro","status":"publish","type":"product","link":"https:\/\/buenosairesmeguide.com\/es\/producto\/safari-au-tigre-le-delta-du-tigre-a-letat-pur\/","title":{"rendered":"Safari por el r\u00edo en Tigre : El delta del Tigre en estado puro"},"content":{"rendered":"<p class=\"p1\">Sum\u00e9rjase en plena naturaleza y disfrute de una experiencia inolvidable en el Delta del Tigre, un aut\u00e9ntico para\u00edso para los amantes de la vida salvaje y la tranquilidad. Este exclusivo tour de observaci\u00f3n de aves le invita a explorar este ecosistema \u00fanico, donde r\u00edos e islas abundan en biodiversidad y sorprendente belleza natural.<\/p>\n<p class=\"p1\"><b>Una aventura natural \u00fanica<\/b><\/p>\n<p class=\"p1\">Navegue por las tranquilas aguas del Delta, rodeado de exuberante vegetaci\u00f3n, y descubra una incre\u00edble variedad de aves: majestuosas garzas, elegantes ibis, martines pescadores y muchas m\u00e1s. Acompa\u00f1ado por un gu\u00eda experto apasionado de la ornitolog\u00eda, aprender\u00e1 a reconocer las distintas especies y a comprender su h\u00e1bitat natural.<\/p>\n<p class=\"p1\"><b>Destacados<\/b>:<\/p>\n<ul class=\"ul1\">\n<li class=\"li2\"><b>Un entorno natural intacto<\/b> Descubra uno de los pocos deltas del mundo que no est\u00e1 conectado al mar, ofreciendo un impresionante entorno natural y salvaje.<\/li>\n<li class=\"li2\"><b>Un momento de conexi\u00f3n con la naturaleza<\/b> Al\u00e9jese del ajetreo de la ciudad para disfrutar de un momento de serenidad y armon\u00eda con el entorno.<\/li>\n<li class=\"li2\"><b>Un enfoque educativo y envolvente<\/b> Adem\u00e1s de la observaci\u00f3n de aves, descubra las tradiciones locales y la vida de las gentes que hacen del Delta un lugar tan especial.<\/li>\n<\/ul>\n<p class=\"p2\"><b>Un toque personal<\/b><\/p>\n<p class=\"p2\">Ampl\u00ede esta experiencia con una escapada gourmet: disfrute de un almuerzo t\u00edpicamente argentino preparado con ingredientes locales en una encantadora casa rural en medio del campo.<\/p>\n<p>&nbsp;<\/p>\n<p><strong>Informaci\u00f3n general :<\/strong><\/p>\n<p><strong>\u00a0<\/strong><\/p>\n<ul>\n<li><strong>Cancelaci\u00f3n gratuita<\/strong><\/li>\n<li>Cancele hasta con 24 horas de antelaci\u00f3n y reciba un reembolso completo<\/li>\n<li><strong>Dur\u00e9e 5 heures<\/strong><\/li>\n<li>Compruebe la disponibilidad de horarios.<\/li>\n<li><strong>Gu\u00eda<\/strong><\/li>\n<li>Franc\u00e9s, ingl\u00e9s, espa\u00f1ol<\/li>\n<li><strong>Servicio de recogida incluido<\/strong><\/li>\n<li>Recogida en los hoteles. Indique el nombre y la direcci\u00f3n de su hotel.<\/li>\n<li><strong>Torre privada<\/strong><\/li>\n<li>Un m\u00e1ximo de 4 participantes<\/li>\n<\/ul>","protected":false},"excerpt":{"rendered":"<ul>\n<li><strong>Incluye<\/strong><\/li>\n<li>Repas avec boisson sans alcool<\/li>\n<li>Gu\u00eda profesional<\/li>\n<li>Recogida y regreso al hotel<\/li>\n<li><strong>No incluido<\/strong><\/li>\n<li>Propinas<\/li>\n<\/ul>","protected":false},"featured_media":20440,"comment_status":"open","ping_status":"closed","template":"","meta":{"_et_pb_use_builder":"","_et_pb_old_content":"","_et_gb_content_width":""},"product_brand":[],"product_cat":[45],"product_tag":[],"class_list":{"0":"post-20073","1":"product","2":"type-product","3":"status-publish","4":"has-post-thumbnail","6":"product_cat-sin-categorizar","8":"first","9":"instock","10":"sold-individually","11":"shipping-taxable","12":"purchasable","13":"product-type-simple"},"_links":{"self":[{"href":"https:\/\/buenosairesmeguide.com\/es\/wp-json\/wp\/v2\/product\/20073","targetHints":{"allow":["GET"]}}],"collection":[{"href":"https:\/\/buenosairesmeguide.com\/es\/wp-json\/wp\/v2\/product"}],"about":[{"href":"https:\/\/buenosairesmeguide.com\/es\/wp-json\/wp\/v2\/types\/product"}],"replies":[{"embeddable":true,"href":"https:\/\/buenosairesmeguide.com\/es\/wp-json\/wp\/v2\/comments?post=20073"}],"wp:featuredmedia":[{"embeddable":true,"href":"https:\/\/buenosairesmeguide.com\/es\/wp-json\/wp\/v2\/media\/20440"}],"wp:attachment":[{"href":"https:\/\/buenosairesmeguide.com\/es\/wp-json\/wp\/v2\/media?parent=20073"}],"wp:term":[{"taxonomy":"product_brand","embeddable":true,"href":"https:\/\/buenosairesmeguide.com\/es\/wp-json\/wp\/v2\/product_brand?post=20073"},{"taxonomy":"product_cat","embeddable":true,"href":"https:\/\/buenosairesmeguide.com\/es\/wp-json\/wp\/v2\/product_cat?post=20073"},{"taxonomy":"product_tag","embeddable":true,"href":"https:\/\/buenosairesmeguide.com\/es\/wp-json\/wp\/v2\/product_tag?post=20073"}],"curies":[{"name":"wp","href":"https:\/\/api.w.org\/{rel}","templated":true}]}}