{"id":20075,"date":"2024-12-03T17:21:46","date_gmt":"2024-12-03T17:21:46","guid":{"rendered":"https:\/\/buenosairesmeguide.com\/?post_type=product&#038;p=20075"},"modified":"2026-03-31T11:21:08","modified_gmt":"2026-03-31T14:21:08","slug":"sabores-de-buenos-aires-a-pie-tour-gastronomico-privado-por-palermo-descubra-las-delicias-culinarias-de-buenos-aires-a-traves-de-una-exclusiva-experiencia-gastronomica-en-el-bohemio-barrio-de-palermo","status":"publish","type":"product","link":"https:\/\/buenosairesmeguide.com\/es\/producto\/saveurs-de-buenos-aires-a-pied-parcours-gastronomique-en-prive-a-palermo-decouvrez-lame-culinaire-de-buenos-aires-a-travers-une-experience-gastronomique-exclusive-dans-le-quartier-boheme-de-palerm\/","title":{"rendered":"Sabores de Buenos Aires a pie: un tour gastron\u00f3mico privado por Palermo"},"content":{"rendered":"<p>D\u00e9couvrez l&rsquo;\u00e2me culinaire de Buenos Aires \u00e0 travers une exp\u00e9rience gastronomique exclusive dans le quartier boh\u00e8me de Palermo<\/p>\n<p>D\u00e9jese guiar en un viaje de sabores y tradiciones al coraz\u00f3n de la escena culinaria porte\u00f1a. Este tour gastron\u00f3mico de 4 paradas le sumerge en el arte de vivir argentino, explorando restaurantes cuidadosamente seleccionados por su excelencia y autenticidad. Cada parada es una celebraci\u00f3n del sabor, la convivencia y el encanto \u00fanico de la capital.<\/p>\n<p>&nbsp;<\/p>\n<p><strong>Un itinerario gastron\u00f3mico en 4 etapas<\/strong><\/p>\n<p><strong>\u00a0<\/strong><\/p>\n<ol>\n<li><strong>Aperitivo: el inicio de una aventura gustativa<\/strong><br \/>\nComience la velada en un restaurante contempor\u00e1neo donde podr\u00e1 degustar empanadas artesanales y una selecci\u00f3n de vinos locales para abrir el apetito con estilo.<\/li>\n<li><strong>Entrante: un toque de tradici\u00f3n revisitado<\/strong><br \/>\nDir\u00edjase a un refinado bistr\u00f3 para degustar platos t\u00edpicos como la provoleta fondante, acompa\u00f1ada de una copa de vino.<\/li>\n<li><strong>Plat principal : L&rsquo;incontournable asado argentin<\/strong><br \/>\nSum\u00e9rjase en la tradici\u00f3n m\u00e1s sagrada de Argentina: una excepcional parrillada en una renombrada parrilla. Disfrute de un trozo de carne perfectamente asado, realzado por acompa\u00f1amientos cl\u00e1sicos como el chimichurri o las papas andinas.<\/li>\n<li><strong>Postre: Un final suave<\/strong><br \/>\nTermine el recorrido con un dulce en una de las emblem\u00e1ticas pasteler\u00edas de Palermo. Reg\u00e1late un delicioso flan con dulce de leche o una tarta de chocolate acompa\u00f1ado de un arom\u00e1tico caf\u00e9 o una copa de Malbec.<\/li>\n<\/ol>\n<p>&nbsp;<\/p>\n<p><strong>Destacados<\/strong><\/p>\n<ul>\n<li><strong>Un viaje culinario y cultural<\/strong> Descubra la riqueza de los sabores argentinos en un entorno aut\u00e9ntico y acogedor.<\/li>\n<li><strong>Palermo, un barrio vibrante<\/strong> La ciudad: Disfrute del ambiente \u00fanico de sus animadas calles, arte urbano y restaurantes de moda.<\/li>\n<li><strong>Una experiencia personalizada<\/strong> Esta ruta est\u00e1 dise\u00f1ada para deleitar su paladar y sumergirle en la cultura local.<\/li>\n<\/ul>\n<p>&nbsp;<\/p>\n<p><strong>Informaci\u00f3n general :<\/strong><\/p>\n<ul>\n<li><strong>Cancelaci\u00f3n gratuita<\/strong><\/li>\n<li>Cancele hasta con 24 horas de antelaci\u00f3n y reciba un reembolso completo<\/li>\n<li><strong>Duraci\u00f3n:<\/strong> 3 horas.<\/li>\n<li><strong>Gu\u00eda\u00a0<\/strong><strong>: <\/strong>Franc\u00e9s, ingl\u00e9s, espa\u00f1ol<\/li>\n<li><strong>Punto de encuentro<\/strong><\/li>\n<li><strong>Cantina Palermo, El imperfecto, Chori, El preferido<\/strong><\/li>\n<li><strong>Torre privada<\/strong><\/li>\n<li>Un m\u00e1ximo de 5 participantes<\/li>\n<li><strong>Resumen:<\/strong><\/li>\n<li><strong>Duraci\u00f3n<\/strong>\u00a03 horas<\/li>\n<li><strong>Precios<\/strong>\u00a090 uss por persona<\/li>\n<li><strong>Jusqu&rsquo;\u00e0 5 personnes<\/strong><\/li>\n<\/ul>","protected":false},"excerpt":{"rendered":"<ul>\n<li><strong>Incluye<\/strong><\/li>\n<li>Gu\u00eda profesional<\/li>\n<li>Comidas y bebidas,<\/li>\n<li><strong>No incluido<\/strong><\/li>\n<li>Propinas<\/li>\n<\/ul>","protected":false},"featured_media":20457,"comment_status":"open","ping_status":"closed","template":"","meta":{"_et_pb_use_builder":"","_et_pb_old_content":"","_et_gb_content_width":""},"product_brand":[],"product_cat":[45],"product_tag":[],"class_list":{"0":"post-20075","1":"product","2":"type-product","3":"status-publish","4":"has-post-thumbnail","6":"product_cat-sin-categorizar","8":"first","9":"instock","10":"sold-individually","11":"shipping-taxable","12":"purchasable","13":"product-type-simple"},"_links":{"self":[{"href":"https:\/\/buenosairesmeguide.com\/es\/wp-json\/wp\/v2\/product\/20075","targetHints":{"allow":["GET"]}}],"collection":[{"href":"https:\/\/buenosairesmeguide.com\/es\/wp-json\/wp\/v2\/product"}],"about":[{"href":"https:\/\/buenosairesmeguide.com\/es\/wp-json\/wp\/v2\/types\/product"}],"replies":[{"embeddable":true,"href":"https:\/\/buenosairesmeguide.com\/es\/wp-json\/wp\/v2\/comments?post=20075"}],"wp:featuredmedia":[{"embeddable":true,"href":"https:\/\/buenosairesmeguide.com\/es\/wp-json\/wp\/v2\/media\/20457"}],"wp:attachment":[{"href":"https:\/\/buenosairesmeguide.com\/es\/wp-json\/wp\/v2\/media?parent=20075"}],"wp:term":[{"taxonomy":"product_brand","embeddable":true,"href":"https:\/\/buenosairesmeguide.com\/es\/wp-json\/wp\/v2\/product_brand?post=20075"},{"taxonomy":"product_cat","embeddable":true,"href":"https:\/\/buenosairesmeguide.com\/es\/wp-json\/wp\/v2\/product_cat?post=20075"},{"taxonomy":"product_tag","embeddable":true,"href":"https:\/\/buenosairesmeguide.com\/es\/wp-json\/wp\/v2\/product_tag?post=20075"}],"curies":[{"name":"wp","href":"https:\/\/api.w.org\/{rel}","templated":true}]}}