{"id":20077,"date":"2024-12-03T17:32:31","date_gmt":"2024-12-03T17:32:31","guid":{"rendered":"https:\/\/buenosairesmeguide.com\/?post_type=product&#038;p=20077"},"modified":"2026-04-30T14:06:41","modified_gmt":"2026-04-30T17:06:41","slug":"velada-de-tango-eterno-cena-y-espectaculo-en-el-viejo-almacen-sumergete-en-la-vibrante-hoja-de-buenos-aires-con-una-noche-inolvidable-de-autentico-tango","status":"publish","type":"product","link":"https:\/\/buenosairesmeguide.com\/es\/producto\/soiree-tango-eternel-diner-et-spectacle-au-vieux-almacen-plongez-dans-lame-vibrante-de-buenos-aires-avec-une-nuit-inoubliable-de-tango-authentique\/","title":{"rendered":"Velada Eterna de Tango: Sum\u00e9rjase en el alma vibrante de Buenos Aires con una noche inolvidable de aut\u00e9ntico tango"},"content":{"rendered":"<p>Descubra la esencia misma de la cultura argentina con una velada de pasi\u00f3n, elegancia e historia. Situado en el hist\u00f3rico barrio de San Telmo, El Viejo Almac\u00e9n, aut\u00e9ntico santuario del tango desde hace m\u00e1s de 50 a\u00f1os, le abre sus puertas para vivir una experiencia \u00fanica.<\/p>\n<p>&nbsp;<\/p>\n<p><strong>Un viaje cultural y gastron\u00f3mico<\/strong><\/p>\n<ul>\n<li><strong>Opci\u00f3n con cena<\/strong> Comience la velada con una refinada cena con los sabores de la cocina argentina. Saboree un men\u00fa de 3 platos acompa\u00f1ado de los mejores vinos de la regi\u00f3n. Todo ello en un ambiente c\u00e1lido e \u00edntimo, ideal para preparar un espect\u00e1culo inolvidable.<\/li>\n<li><strong>Espect\u00e1culo de tango<\/strong> Tango: D\u00e9jese hechizar por un espect\u00e1culo magistral que celebra el tango en todo su esplendor. Bailarines de talento, m\u00fasicos en directo y cantantes apasionados le transportar\u00e1n a otra \u00e9poca, recorriendo los or\u00edgenes y la evoluci\u00f3n de este baile emblem\u00e1tico.<\/li>\n<\/ul>\n<p>&nbsp;<\/p>\n<p><strong>Destacados <\/strong><\/p>\n<ul>\n<li><strong>Un lugar legendario<\/strong> El Viejo Almac\u00e9n es una instituci\u00f3n del tango, conocido en todo el mundo por su autenticidad y encanto intemporal.<\/li>\n<li><strong>Un espect\u00e1culo inolvidable<\/strong> El tango: Disfrute de un espect\u00e1culo de tango de talla mundial, donde cada movimiento destila emoci\u00f3n e historia.<\/li>\n<li><strong>Inmersi\u00f3n total<\/strong> Disfrute de una velada llena de gastronom\u00eda y cultura en una de las capitales m\u00e1s apasionantes del mundo.<\/li>\n<\/ul>\n<p>&nbsp;<\/p>\n<p><strong>Informaci\u00f3n general :<\/strong><\/p>\n<ul>\n<li><strong>Cancelaci\u00f3n gratuita<\/strong><\/li>\n<li>Cancele hasta con 24 horas de antelaci\u00f3n y reciba un reembolso completo<\/li>\n<li><strong>Duraci\u00f3n:<\/strong> De 2 a 4 horas.<\/li>\n<li><strong>Gu\u00eda\u00a0<\/strong><strong>: <\/strong>Franc\u00e9s, ingl\u00e9s, espa\u00f1ol<\/li>\n<li><strong>Punto de encuentro<\/strong><\/li>\n<li>Servicio de recogida incluido<\/li>\n<li>Traslados de ida y vuelta desde los hoteles del centro de Buenos Aires.<\/li>\n<li><strong>Torre privada<\/strong><\/li>\n<li>Un m\u00e1ximo de 5 participantes<\/li>\n<li><strong>Resumen:<\/strong><\/li>\n<li><strong>Duraci\u00f3n<\/strong>\u00a0De 2 a 4 horas<\/li>\n<li><strong>Precios<\/strong>\u00a0: Cena San 90 uss 150 por persona Noche Vip uss 190<\/li>\n<li><strong>Jusqu&rsquo;\u00e0 5 personnes<\/strong><\/li>\n<\/ul>","protected":false},"excerpt":{"rendered":"<p>D\u00e9couvrez l\u2019essence m\u00eame de la culture argentine en vivant une soir\u00e9e o\u00f9 la passion, l\u2019\u00e9l\u00e9gance et l\u2019histoire prennent vie. Situ\u00e9 dans le quartier historique de San Telmo, El Viejo Almac\u00e9n, v\u00e9ritable sanctuaire du tango depuis plus de 50 ans, vous ouvre ses portes pour une exp\u00e9rience unique. &nbsp; Un voyage culturel et culinaire Option avec [&hellip;]<\/p>\n","protected":false},"featured_media":0,"comment_status":"closed","ping_status":"closed","template":"","meta":{"_et_pb_use_builder":"on","_et_pb_old_content":"D\u00e9couvrez l\u2019essence m\u00eame de la culture argentine en vivant une soir\u00e9e o\u00f9 la passion, l\u2019\u00e9l\u00e9gance et l\u2019histoire prennent vie. Situ\u00e9 dans le quartier historique de San Telmo, El Viejo Almac\u00e9n, v\u00e9ritable sanctuaire du tango depuis plus de 50 ans, vous ouvre ses portes pour une exp\u00e9rience unique.\r\n\r\n&nbsp;\r\n\r\n<strong>Un voyage culturel et culinaire<\/strong>\r\n<ul>\r\n \t<li><strong>Option avec d\u00eener<\/strong> : Commencez votre soir\u00e9e par un repas raffin\u00e9 mettant \u00e0 l\u2019honneur les saveurs de la gastronomie argentine. Savourez un menu 3 plats accompagn\u00e9 des meilleurs vins de la r\u00e9gion. Le tout dans une ambiance intime et chaleureuse, id\u00e9ale pour pr\u00e9parer le terrain \u00e0 un spectacle inoubliable.<\/li>\r\n \t<li><strong>Spectacle de tango<\/strong> : Laissez-vous envo\u00fbter par une performance magistrale qui c\u00e9l\u00e8bre le tango dans toute sa splendeur. Danseurs talentueux, musiciens en direct et chanteurs passionn\u00e9s vous transporteront dans un autre temps, retra\u00e7ant les origines et l\u2019\u00e9volution de cette danse embl\u00e9matique.<\/li>\r\n<\/ul>\r\n&nbsp;\r\n\r\n<strong>Les Points forts <\/strong>\r\n<ul>\r\n \t<li><strong>Un lieu mythique<\/strong> : El Viejo Almac\u00e9n est une institution du tango, r\u00e9put\u00e9e dans le monde entier pour son authenticit\u00e9 et son charme intemporel.<\/li>\r\n \t<li><strong>Un spectacle inoubliable<\/strong> : Assistez \u00e0 une repr\u00e9sentation de tango de classe mondiale, o\u00f9 chaque mouvement respire l\u2019\u00e9motion et l\u2019histoire.<\/li>\r\n \t<li><strong>Une immersion totale<\/strong> : Profitez d\u2019une soir\u00e9e compl\u00e8te alliant gastronomie et culture dans l\u2019une des capitales les plus passionn\u00e9es du monde.<\/li>\r\n<\/ul>\r\n&nbsp;\r\n\r\n<strong>Informations g\u00e9n\u00e9rales\u00a0:<\/strong>\r\n<ul>\r\n \t<li><strong>Annulation gratuite<\/strong><\/li>\r\n \t<li>Annulez jusqu'\u00e0 24 heures \u00e0 l'avance et recevez un remboursement complet<\/li>\r\n \t<li><strong>Dur\u00e9e:<\/strong> 2 \u00e0 4 heures.<\/li>\r\n \t<li><strong>Guide\u00a0<\/strong><strong>: <\/strong>Fran\u00e7ais, Anglais, Espagnol<\/li>\r\n \t<li><strong>Lieu de Rendez-vous<\/strong><\/li>\r\n \t<li>Service de prise en charge inclus<\/li>\r\n \t<li>Transferts aller-retour depuis les h\u00f4tels du centre-ville de Buenos Aires.<\/li>\r\n \t<li><strong>Tour Priv\u00e9<\/strong><\/li>\r\n \t<li>Un maximum de 5 participants<\/li>\r\n \t<li><strong>R\u00e9sum\u00e9 :<\/strong><\/li>\r\n \t<li><strong>Dur\u00e9e<\/strong>\u00a0: 2 \u00e0 4 heures<\/li>\r\n \t<li><strong>Prix<\/strong>\u00a0: San d\u00eener 90 uss 150 par personne Soir\u00e9e Vip uss 190<\/li>\r\n \t<li><strong>Jusqu'\u00e0 5 personnes<\/strong><\/li>\r\n<\/ul>","_et_gb_content_width":""},"product_brand":[],"product_cat":[45],"product_tag":[],"class_list":{"0":"post-20077","1":"product","2":"type-product","3":"status-publish","5":"product_cat-sin-categorizar","7":"first","8":"instock","9":"sold-individually","10":"purchasable","11":"product-type-variable"},"_links":{"self":[{"href":"https:\/\/buenosairesmeguide.com\/es\/wp-json\/wp\/v2\/product\/20077","targetHints":{"allow":["GET"]}}],"collection":[{"href":"https:\/\/buenosairesmeguide.com\/es\/wp-json\/wp\/v2\/product"}],"about":[{"href":"https:\/\/buenosairesmeguide.com\/es\/wp-json\/wp\/v2\/types\/product"}],"replies":[{"embeddable":true,"href":"https:\/\/buenosairesmeguide.com\/es\/wp-json\/wp\/v2\/comments?post=20077"}],"wp:attachment":[{"href":"https:\/\/buenosairesmeguide.com\/es\/wp-json\/wp\/v2\/media?parent=20077"}],"wp:term":[{"taxonomy":"product_brand","embeddable":true,"href":"https:\/\/buenosairesmeguide.com\/es\/wp-json\/wp\/v2\/product_brand?post=20077"},{"taxonomy":"product_cat","embeddable":true,"href":"https:\/\/buenosairesmeguide.com\/es\/wp-json\/wp\/v2\/product_cat?post=20077"},{"taxonomy":"product_tag","embeddable":true,"href":"https:\/\/buenosairesmeguide.com\/es\/wp-json\/wp\/v2\/product_tag?post=20077"}],"curies":[{"name":"wp","href":"https:\/\/api.w.org\/{rel}","templated":true}]}}